{"id":2,"date":"2024-10-14T08:54:25","date_gmt":"2024-10-14T08:54:25","guid":{"rendered":"https:\/\/www.fokus-mb-sro.cz\/kavarnaweb\/?page_id=2"},"modified":"2026-01-02T07:33:26","modified_gmt":"2026-01-02T07:33:26","slug":"kavarna","status":"publish","type":"page","link":"https:\/\/www.fokus-mb-sro.cz\/kavarnaweb\/","title":{"rendered":""},"content":{"rendered":"\n<style>\n\/* Styl pro animaci p\u00edsmen *\/\nh2 span {\ndisplay: inline-block;\n  opacity: 0;\n  position: sticky;\n  transition: opacity 2.5s ease-in-out;\n}\n\n\/* Kl\u00ed\u010dov\u00e9 sn\u00edmky pro p\u0159ilet\u011bn\u00ed p\u00edsmen zleva *\/\n@keyframes flyFromLeft {\n  0% {\n    opacity: 0;\n    transform: translateX(-100px);\n  }\n  100% {\n    opacity: 1;\n    transform: translateX(0);\n  }\n}\n\n\/* Kl\u00ed\u010dov\u00e9 sn\u00edmky pro p\u0159ilet\u011bn\u00ed zprava *\/\n@keyframes flyFromRight {\n  0% {\n    opacity: 0;\n    transform: translateX(100px);\n  }\n  100% {\n    opacity: 1;\n    transform: translateX(0);\n  }\n}\n\n\/* Kl\u00ed\u010dov\u00e9 sn\u00edmky pro p\u0159ilet\u011bn\u00ed shora *\/\n@keyframes flyFromTop {\n  0% {\n    opacity: 0;\n    transform: translateY(-100px);\n  }\n  100% {\n    opacity: 1;\n    transform: translateY(0);\n  }\n}\n\n\/* Kl\u00ed\u010dov\u00e9 sn\u00edmky pro p\u0159ilet\u011bn\u00ed zdola *\/\n@keyframes flyFromBottom {\n  0% {\n    opacity: 0;\n    transform: translateY(100px);\n  }\n  100% {\n    opacity: 1;\n    transform: translateY(0);\n  }\n}\n<\/style>\n\n<script>document.addEventListener(\"DOMContentLoaded\", () => {\n  const headings = document.querySelectorAll('h2');\n\n  \/\/ Ka\u017ed\u00e9 p\u00edsmeno v\u010detn\u011b mezer nadpisu obal\u00edme do span\n  headings.forEach(heading => {\n    const text = heading.innerText;\n    heading.innerHTML = ''; \/\/ Vy\u010dist\u00edme obsah nadpisu\n    [...text].forEach(letter => {\n      const span = document.createElement('span');\n      if (letter === ' ') {\n        \/\/ Pokud se jedn\u00e1 o mezeru, p\u0159id\u00e1me pevnou mezeru (&nbsp;)\n        span.innerHTML = '&nbsp;';\n      } else {\n        span.innerText = letter;\n      }\n      heading.appendChild(span);\n    });\n  });\n\n  \/\/ Vytvo\u0159\u00edme IntersectionObserver, kter\u00fd bude sledovat viditelnost nadpis\u016f\n  const observer = new IntersectionObserver((entries) => {\n    entries.forEach(entry => {\n      if (entry.isIntersecting && entry.intersectionRatio >= 0.2) {\n        const spans = entry.target.querySelectorAll('span');\n        spans.forEach((span, index) => {\n          \/\/ Reset animace odstran\u011bn\u00edm inline styl\u016f\n          span.style.animation = 'none';\n          \/\/ Pou\u017eijeme kr\u00e1tk\u00fd timeout, abychom zajistili, \u017ee se animace znovu spust\u00ed\n          setTimeout(() => {\n            const randomAnimation = getRandomAnimation();\n            span.style.animation = `${randomAnimation} 0.5s ease-in-out ${index * 0.05}s forwards`;\n          }, 50); \/\/ Timeout zajist\u00ed reset animace\n        });\n      }\n    });\n  }, {\n    threshold: 0.2 \/\/ Spust\u00ed se, kdy\u017e je 20% nadpisu ve viewportu\n  });\n\n  \/\/ Sledujeme ka\u017ed\u00fd nadpis\n  headings.forEach(heading => {\n    observer.observe(heading);\n  });\n});\n\n\/\/ Funkce vr\u00e1t\u00ed n\u00e1hodnou animaci\nfunction getRandomAnimation() {\n  const animations = ['flyFromLeft', 'flyFromRight', 'flyFromTop', 'flyFromBottom'];\n  return animations[Math.floor(Math.random() * animations.length)];\n}\n\n<\/script>\n\n\n\n<script>\nwindow.onload = function() {\ndocument.addEventListener('contextmenu', event => event.preventDefault());\n}\n\n<\/script>\n\n\n\n<div style=\"height:2vw\" aria-hidden=\"true\" class=\"wp-block-spacer mezera-pod-uvodkou\"><\/div>\n\n\n\n<div class=\"wp-block-group scroll-container has-global-padding is-layout-constrained wp-block-group-is-layout-constrained\">\n<h2 class=\"wp-block-heading has-text-align-center scroll-title\" id=\"historie\">Historie kav\u00e1rny<\/h2>\n<\/div>\n\n\n\n<div class=\"wp-block-group has-global-padding is-layout-constrained wp-container-core-group-is-layout-7a3688e9 wp-block-group-is-layout-constrained\">\n<p>Kav\u00e1rna vznikla v roce 2005 a nach\u00e1z\u00ed se v are\u00e1lu Psychiatrick\u00e9 nemocnice Kosmonosy. Na p\u0159\u00e1n\u00ed z\u00e1kazn\u00edk\u016f a person\u00e1lu v roce 2008 roz\u0161\u00ed\u0159ila sv\u016fj kav\u00e1rensk\u00fd provoz o mal\u00fd obchod, ve kter\u00e9m se sna\u017e\u00ed nab\u00eddnout \u0161irok\u00fd sortiment zbo\u017e\u00ed. V roce 2017 se kav\u00e1rna zapojila do projektu \u201eZdrav\u00e1 nemocnice\u201c, kter\u00fd spo\u010d\u00edv\u00e1 v p\u0159\u00edprav\u011b ob\u011bd\u016f pro person\u00e1l nemocnice. B\u011bhem let 2016 \u2013 2018 pro\u0161la kav\u00e1rna rozs\u00e1hlou rekonstrukc\u00ed.<\/p>\n<\/div>\n\n\n\n<div style=\"height:10vw\" aria-hidden=\"true\" class=\"wp-block-spacer\"><\/div>\n\n\n\n<div class=\"wp-block-cover is-light has-parallax sekce-uvodky\" style=\"margin-top:0;margin-bottom:0;min-height:400px;aspect-ratio:unset;\"><div class=\"wp-block-cover__image-background wp-image-292 has-parallax\" style=\"background-position:50% 50%;background-image:url(https:\/\/www.fokus-mb-sro.cz\/kavarnaweb\/wp-content\/uploads\/2024\/10\/uvodka02.jpg)\"><\/div><span aria-hidden=\"true\" class=\"wp-block-cover__background has-background-dim-30 has-background-dim\" style=\"background-color:#ffda8c\"><\/span><div class=\"wp-block-cover__inner-container has-global-padding is-layout-constrained wp-container-core-cover-is-layout-d59c7d30 wp-block-cover-is-layout-constrained\">\n<p class=\"has-text-align-center has-large-font-size\"><\/p>\n<\/div><\/div>\n\n\n\n<div style=\"height:2vw\" aria-hidden=\"true\" class=\"wp-block-spacer mezera-pod-uvodkou\"><\/div>\n\n\n\n<div class=\"wp-block-group scroll-container has-global-padding is-layout-constrained wp-block-group-is-layout-constrained\">\n<h2 class=\"wp-block-heading has-text-align-center scroll-title\" id=\"o-kavarne\">O kav\u00e1rn\u011b<\/h2>\n<\/div>\n\n\n\n<div class=\"wp-block-group has-global-padding is-layout-constrained wp-container-core-group-is-layout-7a3688e9 wp-block-group-is-layout-constrained\">\n<p>Kav\u00e1rna nab\u00edz\u00ed prostor pro p\u0159\u00edjemn\u00e9 posezen\u00ed p\u0159edev\u0161\u00edm pacient\u016fm psychiatrick\u00e9 nemocnice, jejich rodinn\u00fdm p\u0159\u00edslu\u0161n\u00edk\u016fm a zn\u00e1m\u00fdm. Prostory kav\u00e1rny lze tak\u00e9 vyu\u017e\u00edt k r\u016fzn\u00fdm um\u011bleck\u00fdm v\u00fdstav\u00e1m, koncert\u016fm, autorsk\u00fdm \u010dten\u00edm, supervizn\u00edm setk\u00e1n\u00edm nebo vzd\u011bl\u00e1vac\u00edm akc\u00edm.<\/p>\n\n\n\n<p>V\u0161echny prostory kav\u00e1rny jsou neku\u0159\u00e1ck\u00e9. V letn\u00edm obdob\u00ed je n\u00e1v\u0161t\u011bvn\u00edk\u016fm k dispozici p\u0159edzahr\u00e1dka kav\u00e1rny. Kav\u00e1rna nab\u00edz\u00ed pracovn\u00ed uplatn\u011bn\u00ed pro osoby se ZPS.<\/p>\n<\/div>\n\n\n\n<div style=\"height:10vw\" aria-hidden=\"true\" class=\"wp-block-spacer\"><\/div>\n\n\n\n<div class=\"wp-block-cover is-light has-parallax sekce-uvodky\" style=\"margin-top:0;margin-bottom:0;min-height:400px;aspect-ratio:unset;\"><div class=\"wp-block-cover__image-background wp-image-291 has-parallax\" style=\"background-position:50% 50%;background-image:url(https:\/\/www.fokus-mb-sro.cz\/kavarnaweb\/wp-content\/uploads\/2024\/10\/uvodka01.jpg)\"><\/div><span aria-hidden=\"true\" class=\"wp-block-cover__background has-background-dim-30 has-background-dim\" style=\"background-color:#ffda8c\"><\/span><div class=\"wp-block-cover__inner-container has-global-padding is-layout-constrained wp-container-core-cover-is-layout-d59c7d30 wp-block-cover-is-layout-constrained\">\n<p class=\"has-text-align-center has-large-font-size\"><\/p>\n<\/div><\/div>\n\n\n\n<div style=\"height:2vw\" aria-hidden=\"true\" class=\"wp-block-spacer mezera-pod-uvodkou\"><\/div>\n\n\n\n<div class=\"wp-block-group scroll-container has-global-padding is-layout-constrained wp-block-group-is-layout-constrained\">\n<h2 class=\"wp-block-heading has-text-align-center scroll-title\" id=\"oteviraci-doba\">Otev\u00edrac\u00ed doba<\/h2>\n<\/div>\n\n\n\n<div style=\"height:2vw\" aria-hidden=\"true\" class=\"wp-block-spacer mezera-pod-uvodkou\"><\/div>\n\n\n\n<div class=\"wp-block-group has-global-padding is-layout-constrained wp-block-group-is-layout-constrained\">\n<div class=\"wp-block-columns is-layout-flex wp-container-core-columns-is-layout-28f84493 wp-block-columns-is-layout-flex\">\n<div class=\"wp-block-column is-layout-flow wp-block-column-is-layout-flow\" style=\"flex-basis:100%\">\n<h3 class=\"wp-block-heading has-text-align-center\"><strong>KAV\u00c1RNA<\/strong><\/h3>\n\n\n\n<p class=\"has-text-align-center\"><strong>Pond\u011bl\u00ed<\/strong> \u2013 11:00 &#8211; 16:00<br><strong>\u00dater\u00fd<\/strong> \u2013 11:00 &#8211; 16:00<br><strong>St\u0159eda<\/strong> \u2013 11:00 &#8211; 16:00<br><strong>\u010ctvrtek <\/strong>\u2013 11:00 &#8211; 16:00<br><strong>P\u00e1tek<\/strong> \u2013 11:00 &#8211; 16:00<br><strong>Sobota<\/strong> \u2013 13:00 &#8211; 16:00<br><strong>Ned\u011ble<\/strong> \u2013 13:00 &#8211; 16:00<\/p>\n<\/div>\n\n\n\n<div class=\"wp-block-column is-layout-flow wp-block-column-is-layout-flow\" style=\"flex-basis:100%\">\n<h3 class=\"wp-block-heading has-text-align-center\"><strong>OBCHOD<\/strong><\/h3>\n\n\n\n<p class=\"has-text-align-center\"><strong>Pond\u011bl\u00ed<\/strong> \u2013 9:00 &#8211; 16:00<br><strong>\u00dater\u00fd<\/strong> \u2013 9:00 &#8211; 16:00<br><strong>St\u0159eda<\/strong> \u2013 9:00 &#8211; 16:00<br><strong>\u010ctvrtek <\/strong>\u2013 9:00 &#8211; 16:00<br><strong>P\u00e1tek<\/strong> \u2013 9:00 &#8211; 16:00<br><strong>Sobota<\/strong> \u2013 13:00 &#8211; 16:00<br><strong>Ned\u011ble<\/strong> \u2013 13:00 &#8211; 16:00<\/p>\n<\/div>\n<\/div>\n<\/div>\n\n\n\n<div style=\"height:5vw\" aria-hidden=\"true\" class=\"wp-block-spacer mezera-pod-uvodkou\"><\/div>\n\n\n\n<div class=\"wp-block-cover is-light has-parallax sekce-uvodky\" style=\"margin-top:0;margin-bottom:0;min-height:400px;aspect-ratio:unset;\"><div class=\"wp-block-cover__image-background wp-image-619 has-parallax\" style=\"background-position:50% 50%;background-image:url(https:\/\/www.fokus-mb-sro.cz\/kavarnaweb\/wp-content\/uploads\/2024\/12\/uvodka-nahore.jpg)\"><\/div><span aria-hidden=\"true\" class=\"wp-block-cover__background has-background-dim-30 has-background-dim\" style=\"background-color:#ffda8c\"><\/span><div class=\"wp-block-cover__inner-container has-global-padding is-layout-constrained wp-container-core-cover-is-layout-d59c7d30 wp-block-cover-is-layout-constrained\">\n<p class=\"has-text-align-center has-large-font-size\"><\/p>\n<\/div><\/div>\n\n\n\n<div style=\"height:2vw\" aria-hidden=\"true\" class=\"wp-block-spacer mezera-pod-uvodkou\"><\/div>\n\n\n\n<div class=\"wp-block-group scroll-container has-global-padding is-layout-constrained wp-block-group-is-layout-constrained\">\n<h2 class=\"wp-block-heading has-text-align-center scroll-title\" id=\"kontakt\">Kontakt<\/h2>\n<\/div>\n\n\n\n<p class=\"has-text-align-center\"><strong>Kav\u00e1rna Fokus &#8211; Fokus MB s.r.o.<\/strong><br>L\u00edpy 15, 293 06 Kosmonosy (are\u00e1l PN Kosmonosy)<br><em><a href=\"https:\/\/maps.app.goo.gl\/Wxe9nGPQbgF6PQFD8\">(odkaz na Google Mapy)<\/a><\/em><\/p>\n\n\n\n<div style=\"height:1vw\" aria-hidden=\"true\" class=\"wp-block-spacer\"><\/div>\n\n\n\n<div class=\"wp-block-group has-global-padding is-layout-constrained wp-container-core-group-is-layout-7a3688e9 wp-block-group-is-layout-constrained\">\n<p class=\"has-text-align-center\"><strong>Mgr. \u0160\u00e1rka Kub\u00edkov\u00e1<\/strong><br><a href=\"tel:775562002\">775 562 002<\/a><br><a href=\"&#x6d;a&#x69;&#108;&#x74;&#111;:&#x6b;u&#x62;&#105;&#x6b;&#111;v&#x61;&#64;&#x66;&#111;k&#x75;s&#x2d;&#109;&#x62;&#46;c&#x7a;\">&#x6b;&#117;&#x62;&#x69;&#107;&#x6f;&#x76;&#97;&#x40;&#x66;&#111;&#x6b;&#x75;s&#x2d;&#x6d;b&#x2e;&#99;z<\/a><\/p>\n\n\n\n<p class=\"has-text-align-center\"><strong>Petra \u010capkov\u00e1<\/strong><br><a href=\"tel:775562040\">775 562 040<\/a><br><a href=\"m&#97;&#x69;&#x6c;t&#111;&#x3a;&#x63;a&#112;&#x6b;&#x6f;v&#97;&#x40;&#x66;o&#107;&#x75;&#x73;-&#109;&#98;&#x2e;&#x63;z\">ca&#112;&#107;&#111;&#x76;&#x61;&#x40;&#x66;&#x6f;ku&#115;&#45;&#109;&#x62;&#x2e;&#x63;&#x7a;<\/a><\/p>\n<\/div>\n\n\n\n<div style=\"height:10vw\" aria-hidden=\"true\" class=\"wp-block-spacer\"><\/div>\n","protected":false},"excerpt":{"rendered":"<p>Historie kav\u00e1rny Kav\u00e1rna vznikla v roce 2005 a nach\u00e1z\u00ed se v are\u00e1lu Psychiatrick\u00e9 nemocnice Kosmonosy. Na p\u0159\u00e1n\u00ed z\u00e1kazn\u00edk\u016f a person\u00e1lu v roce 2008 roz\u0161\u00ed\u0159ila sv\u016fj kav\u00e1rensk\u00fd provoz o mal\u00fd obchod, ve kter\u00e9m se sna\u017e\u00ed nab\u00eddnout \u0161irok\u00fd sortiment zbo\u017e\u00ed. V roce 2017 se kav\u00e1rna zapojila do projektu \u201eZdrav\u00e1 nemocnice\u201c, kter\u00fd spo\u010d\u00edv\u00e1 v p\u0159\u00edprav\u011b ob\u011bd\u016f pro person\u00e1l [&hellip;]<\/p>\n","protected":false},"author":1,"featured_media":590,"parent":0,"menu_order":0,"comment_status":"closed","ping_status":"open","template":"","meta":{"footnotes":""},"class_list":["post-2","page","type-page","status-publish","has-post-thumbnail","hentry"],"yoast_head":"<!-- This site is optimized with the Yoast SEO plugin v27.3 - https:\/\/yoast.com\/product\/yoast-seo-wordpress\/ -->\n<title>Kav&aacute;rna Fokus - Fokus MB s.r.o.<\/title>\n<meta name=\"description\" content=\"Webov\u00e9 str\u00e1nky Kav\u00e1rny Fokus v PN Kosmonosy - informace o historii i sou\u010dasnosti kav\u00e1rny, otev\u00edrac\u00ed doba a kontaktn\u00ed \u00fadaje.\" \/>\n<meta name=\"robots\" content=\"index, follow, max-snippet:-1, max-image-preview:large, max-video-preview:-1\" \/>\n<link rel=\"canonical\" href=\"https:\/\/www.fokus-mb-sro.cz\/kavarnaweb\/\" \/>\n<meta property=\"og:locale\" content=\"cs_CZ\" \/>\n<meta property=\"og:type\" content=\"article\" \/>\n<meta property=\"og:title\" content=\"Kav&aacute;rna Fokus - Fokus MB s.r.o.\" \/>\n<meta property=\"og:description\" content=\"Webov\u00e9 str\u00e1nky Kav\u00e1rny Fokus v PN Kosmonosy - informace o historii i sou\u010dasnosti kav\u00e1rny, otev\u00edrac\u00ed doba a kontaktn\u00ed \u00fadaje.\" \/>\n<meta property=\"og:url\" content=\"https:\/\/www.fokus-mb-sro.cz\/kavarnaweb\/\" \/>\n<meta property=\"og:site_name\" content=\"Kav&aacute;rna Fokus\" \/>\n<meta property=\"article:modified_time\" content=\"2026-01-02T07:33:26+00:00\" \/>\n<meta property=\"og:image\" content=\"https:\/\/www.fokus-mb-sro.cz\/kavarnaweb\/wp-content\/uploads\/2024\/11\/KAV.jpg\" \/>\n\t<meta property=\"og:image:width\" content=\"1000\" \/>\n\t<meta property=\"og:image:height\" content=\"556\" \/>\n\t<meta property=\"og:image:type\" content=\"image\/jpeg\" \/>\n<meta name=\"twitter:card\" content=\"summary_large_image\" \/>\n<meta name=\"twitter:label1\" content=\"Odhadovan\u00e1 doba \u010dten\u00ed\" \/>\n\t<meta name=\"twitter:data1\" content=\"2 minuty\" \/>\n<script type=\"application\/ld+json\" class=\"yoast-schema-graph\">{\"@context\":\"https:\\\/\\\/schema.org\",\"@graph\":[{\"@type\":\"WebPage\",\"@id\":\"https:\\\/\\\/www.fokus-mb-sro.cz\\\/kavarnaweb\\\/\",\"url\":\"https:\\\/\\\/www.fokus-mb-sro.cz\\\/kavarnaweb\\\/\",\"name\":\"Kav&aacute;rna Fokus - Fokus MB s.r.o.\",\"isPartOf\":{\"@id\":\"https:\\\/\\\/www.fokus-mb-sro.cz\\\/kavarnaweb\\\/#website\"},\"primaryImageOfPage\":{\"@id\":\"https:\\\/\\\/www.fokus-mb-sro.cz\\\/kavarnaweb\\\/#primaryimage\"},\"image\":{\"@id\":\"https:\\\/\\\/www.fokus-mb-sro.cz\\\/kavarnaweb\\\/#primaryimage\"},\"thumbnailUrl\":\"https:\\\/\\\/www.fokus-mb-sro.cz\\\/kavarnaweb\\\/wp-content\\\/uploads\\\/2024\\\/11\\\/KAV.jpg\",\"datePublished\":\"2024-10-14T08:54:25+00:00\",\"dateModified\":\"2026-01-02T07:33:26+00:00\",\"description\":\"Webov\u00e9 str\u00e1nky Kav\u00e1rny Fokus v PN Kosmonosy - informace o historii i sou\u010dasnosti kav\u00e1rny, otev\u00edrac\u00ed doba a kontaktn\u00ed \u00fadaje.\",\"inLanguage\":\"cs\",\"potentialAction\":[{\"@type\":\"ReadAction\",\"target\":[\"https:\\\/\\\/www.fokus-mb-sro.cz\\\/kavarnaweb\\\/\"]}]},{\"@type\":\"ImageObject\",\"inLanguage\":\"cs\",\"@id\":\"https:\\\/\\\/www.fokus-mb-sro.cz\\\/kavarnaweb\\\/#primaryimage\",\"url\":\"https:\\\/\\\/www.fokus-mb-sro.cz\\\/kavarnaweb\\\/wp-content\\\/uploads\\\/2024\\\/11\\\/KAV.jpg\",\"contentUrl\":\"https:\\\/\\\/www.fokus-mb-sro.cz\\\/kavarnaweb\\\/wp-content\\\/uploads\\\/2024\\\/11\\\/KAV.jpg\",\"width\":1000,\"height\":556},{\"@type\":\"WebSite\",\"@id\":\"https:\\\/\\\/www.fokus-mb-sro.cz\\\/kavarnaweb\\\/#website\",\"url\":\"https:\\\/\\\/www.fokus-mb-sro.cz\\\/kavarnaweb\\\/\",\"name\":\"Kav\u00e1rna \u2013 Fokus MB s.r.o.\",\"description\":\"Web Kav&aacute;rny Fokus v PN Kosmonosy\",\"publisher\":{\"@id\":\"https:\\\/\\\/www.fokus-mb-sro.cz\\\/kavarnaweb\\\/#organization\"},\"alternateName\":\"Kav\u00e1rna Fokus\",\"potentialAction\":[{\"@type\":\"SearchAction\",\"target\":{\"@type\":\"EntryPoint\",\"urlTemplate\":\"https:\\\/\\\/www.fokus-mb-sro.cz\\\/kavarnaweb\\\/?s={search_term_string}\"},\"query-input\":{\"@type\":\"PropertyValueSpecification\",\"valueRequired\":true,\"valueName\":\"search_term_string\"}}],\"inLanguage\":\"cs\"},{\"@type\":\"Organization\",\"@id\":\"https:\\\/\\\/www.fokus-mb-sro.cz\\\/kavarnaweb\\\/#organization\",\"name\":\"Fokus MB s.r.o.\",\"alternateName\":\"Fokus MB\",\"url\":\"https:\\\/\\\/www.fokus-mb-sro.cz\\\/kavarnaweb\\\/\",\"logo\":{\"@type\":\"ImageObject\",\"inLanguage\":\"cs\",\"@id\":\"https:\\\/\\\/www.fokus-mb-sro.cz\\\/kavarnaweb\\\/#\\\/schema\\\/logo\\\/image\\\/\",\"url\":\"https:\\\/\\\/www.fokus-mb-sro.cz\\\/kavarnaweb\\\/wp-content\\\/uploads\\\/2025\\\/04\\\/fokusmbsro-googlesearch.jpg\",\"contentUrl\":\"https:\\\/\\\/www.fokus-mb-sro.cz\\\/kavarnaweb\\\/wp-content\\\/uploads\\\/2025\\\/04\\\/fokusmbsro-googlesearch.jpg\",\"width\":512,\"height\":512,\"caption\":\"Fokus MB s.r.o.\"},\"image\":{\"@id\":\"https:\\\/\\\/www.fokus-mb-sro.cz\\\/kavarnaweb\\\/#\\\/schema\\\/logo\\\/image\\\/\"}}]}<\/script>\n<!-- \/ Yoast SEO plugin. -->","yoast_head_json":{"title":"Kav&aacute;rna Fokus - Fokus MB s.r.o.","description":"Webov\u00e9 str\u00e1nky Kav\u00e1rny Fokus v PN Kosmonosy - informace o historii i sou\u010dasnosti kav\u00e1rny, otev\u00edrac\u00ed doba a kontaktn\u00ed \u00fadaje.","robots":{"index":"index","follow":"follow","max-snippet":"max-snippet:-1","max-image-preview":"max-image-preview:large","max-video-preview":"max-video-preview:-1"},"canonical":"https:\/\/www.fokus-mb-sro.cz\/kavarnaweb\/","og_locale":"cs_CZ","og_type":"article","og_title":"Kav&aacute;rna Fokus - Fokus MB s.r.o.","og_description":"Webov\u00e9 str\u00e1nky Kav\u00e1rny Fokus v PN Kosmonosy - informace o historii i sou\u010dasnosti kav\u00e1rny, otev\u00edrac\u00ed doba a kontaktn\u00ed \u00fadaje.","og_url":"https:\/\/www.fokus-mb-sro.cz\/kavarnaweb\/","og_site_name":"Kav&aacute;rna Fokus","article_modified_time":"2026-01-02T07:33:26+00:00","og_image":[{"width":1000,"height":556,"url":"https:\/\/www.fokus-mb-sro.cz\/kavarnaweb\/wp-content\/uploads\/2024\/11\/KAV.jpg","type":"image\/jpeg"}],"twitter_card":"summary_large_image","twitter_misc":{"Odhadovan\u00e1 doba \u010dten\u00ed":"2 minuty"},"schema":{"@context":"https:\/\/schema.org","@graph":[{"@type":"WebPage","@id":"https:\/\/www.fokus-mb-sro.cz\/kavarnaweb\/","url":"https:\/\/www.fokus-mb-sro.cz\/kavarnaweb\/","name":"Kav&aacute;rna Fokus - Fokus MB s.r.o.","isPartOf":{"@id":"https:\/\/www.fokus-mb-sro.cz\/kavarnaweb\/#website"},"primaryImageOfPage":{"@id":"https:\/\/www.fokus-mb-sro.cz\/kavarnaweb\/#primaryimage"},"image":{"@id":"https:\/\/www.fokus-mb-sro.cz\/kavarnaweb\/#primaryimage"},"thumbnailUrl":"https:\/\/www.fokus-mb-sro.cz\/kavarnaweb\/wp-content\/uploads\/2024\/11\/KAV.jpg","datePublished":"2024-10-14T08:54:25+00:00","dateModified":"2026-01-02T07:33:26+00:00","description":"Webov\u00e9 str\u00e1nky Kav\u00e1rny Fokus v PN Kosmonosy - informace o historii i sou\u010dasnosti kav\u00e1rny, otev\u00edrac\u00ed doba a kontaktn\u00ed \u00fadaje.","inLanguage":"cs","potentialAction":[{"@type":"ReadAction","target":["https:\/\/www.fokus-mb-sro.cz\/kavarnaweb\/"]}]},{"@type":"ImageObject","inLanguage":"cs","@id":"https:\/\/www.fokus-mb-sro.cz\/kavarnaweb\/#primaryimage","url":"https:\/\/www.fokus-mb-sro.cz\/kavarnaweb\/wp-content\/uploads\/2024\/11\/KAV.jpg","contentUrl":"https:\/\/www.fokus-mb-sro.cz\/kavarnaweb\/wp-content\/uploads\/2024\/11\/KAV.jpg","width":1000,"height":556},{"@type":"WebSite","@id":"https:\/\/www.fokus-mb-sro.cz\/kavarnaweb\/#website","url":"https:\/\/www.fokus-mb-sro.cz\/kavarnaweb\/","name":"Kav\u00e1rna \u2013 Fokus MB s.r.o.","description":"Web Kav&aacute;rny Fokus v PN Kosmonosy","publisher":{"@id":"https:\/\/www.fokus-mb-sro.cz\/kavarnaweb\/#organization"},"alternateName":"Kav\u00e1rna Fokus","potentialAction":[{"@type":"SearchAction","target":{"@type":"EntryPoint","urlTemplate":"https:\/\/www.fokus-mb-sro.cz\/kavarnaweb\/?s={search_term_string}"},"query-input":{"@type":"PropertyValueSpecification","valueRequired":true,"valueName":"search_term_string"}}],"inLanguage":"cs"},{"@type":"Organization","@id":"https:\/\/www.fokus-mb-sro.cz\/kavarnaweb\/#organization","name":"Fokus MB s.r.o.","alternateName":"Fokus MB","url":"https:\/\/www.fokus-mb-sro.cz\/kavarnaweb\/","logo":{"@type":"ImageObject","inLanguage":"cs","@id":"https:\/\/www.fokus-mb-sro.cz\/kavarnaweb\/#\/schema\/logo\/image\/","url":"https:\/\/www.fokus-mb-sro.cz\/kavarnaweb\/wp-content\/uploads\/2025\/04\/fokusmbsro-googlesearch.jpg","contentUrl":"https:\/\/www.fokus-mb-sro.cz\/kavarnaweb\/wp-content\/uploads\/2025\/04\/fokusmbsro-googlesearch.jpg","width":512,"height":512,"caption":"Fokus MB s.r.o."},"image":{"@id":"https:\/\/www.fokus-mb-sro.cz\/kavarnaweb\/#\/schema\/logo\/image\/"}}]}},"_links":{"self":[{"href":"https:\/\/www.fokus-mb-sro.cz\/kavarnaweb\/wp-json\/wp\/v2\/pages\/2","targetHints":{"allow":["GET"]}}],"collection":[{"href":"https:\/\/www.fokus-mb-sro.cz\/kavarnaweb\/wp-json\/wp\/v2\/pages"}],"about":[{"href":"https:\/\/www.fokus-mb-sro.cz\/kavarnaweb\/wp-json\/wp\/v2\/types\/page"}],"author":[{"embeddable":true,"href":"https:\/\/www.fokus-mb-sro.cz\/kavarnaweb\/wp-json\/wp\/v2\/users\/1"}],"replies":[{"embeddable":true,"href":"https:\/\/www.fokus-mb-sro.cz\/kavarnaweb\/wp-json\/wp\/v2\/comments?post=2"}],"version-history":[{"count":169,"href":"https:\/\/www.fokus-mb-sro.cz\/kavarnaweb\/wp-json\/wp\/v2\/pages\/2\/revisions"}],"predecessor-version":[{"id":688,"href":"https:\/\/www.fokus-mb-sro.cz\/kavarnaweb\/wp-json\/wp\/v2\/pages\/2\/revisions\/688"}],"wp:featuredmedia":[{"embeddable":true,"href":"https:\/\/www.fokus-mb-sro.cz\/kavarnaweb\/wp-json\/wp\/v2\/media\/590"}],"wp:attachment":[{"href":"https:\/\/www.fokus-mb-sro.cz\/kavarnaweb\/wp-json\/wp\/v2\/media?parent=2"}],"curies":[{"name":"wp","href":"https:\/\/api.w.org\/{rel}","templated":true}]}}