{"id":13,"date":"2023-10-31T09:05:00","date_gmt":"2023-10-31T09:05:00","guid":{"rendered":"https:\/\/www.fokus-mb-sro.cz\/klasterweb\/?page_id=13"},"modified":"2024-11-05T08:24:18","modified_gmt":"2024-11-05T08:24:18","slug":"uvod","status":"publish","type":"page","link":"https:\/\/www.fokus-mb-sro.cz\/klasterweb\/","title":{"rendered":"O n\u00e1s"},"content":{"rendered":"\n<meta name=\"google-site-verification\" content=\"S0SlHTGDCQbVIS7DzhYLWVZh8DErqnbOXHhyGpYiCKk\" \/>\n\n\n\n\n\n<div class=\"wp-block-columns is-layout-flex wp-container-core-columns-is-layout-28f84493 wp-block-columns-is-layout-flex\">\n<div class=\"wp-block-column is-layout-flow wp-block-column-is-layout-flow\" style=\"flex-basis:50%\">\n<div class=\"wp-block-cover is-light has-parallax kapka-blob-doleva-sekce has-foreground-color has-text-color has-link-color wp-elements-371651fb898bcf2d7d79bd6c9b0bf0d3\" style=\"border-style:none;border-width:0px;margin-top:0;margin-bottom:0;min-height:600px;aspect-ratio:unset;\" id=\"o-nas-01\"><span aria-hidden=\"true\" class=\"wp-block-cover__background has-primary-background-color has-background-dim-80 has-background-dim\"><\/span><div class=\"wp-block-cover__image-background wp-image-2445 has-parallax\" style=\"background-position:50% 50%;background-image:url(https:\/\/www.fokus-mb-sro.cz\/klasterweb\/wp-content\/uploads\/2023\/12\/O-NAS-1HISTORIE-SLIDE-2_768px-1.jpg)\"><\/div><div class=\"wp-block-cover__inner-container is-layout-constrained wp-block-cover-is-layout-constrained\">\n<h2 class=\"wp-block-heading has-text-align-center nadpis-blob has-background-color has-text-color has-link-color has-large-font-size wp-elements-9eec3b544896f6cb3e7c8d0dc7432ced\">Historie kl\u00e1\u0161tera<\/h2>\n\n\n\n<div style=\"height:34px\" aria-hidden=\"true\" class=\"wp-block-spacer\"><\/div>\n\n\n\n<hr class=\"wp-block-separator has-text-color has-background-color has-alpha-channel-opacity has-background-background-color has-background\"\/>\n\n\n\n<div style=\"height:34px\" aria-hidden=\"true\" class=\"wp-block-spacer\"><\/div>\n\n\n\n<div class=\"wp-block-group is-layout-constrained wp-block-group-is-layout-constrained\">\n<p class=\"has-text-align-left has-background-color has-text-color has-link-color wp-elements-595ec3db2dfdc9a9081969d34c9eaa8d\">Kl\u00e1\u0161ter nechal vystav\u011bt hrab\u011b Albrecht z&nbsp;Vald\u0161tejna, majitel zdej\u0161\u00edho nedalek\u00e9ho Mnichovohradi\u0161\u0165sk\u00e9ho z\u00e1mku a&nbsp;to v&nbsp;roce 1687. Samotn\u00e1 stavba za\u010dala po\u010d\u00e1tkem roku 1694. Je postaven podle&nbsp;p\u0159edpis\u016f kapuc\u00ednsk\u00e9ho \u0159\u00e1du a&nbsp;to je skromnost a&nbsp;neok\u00e1zalost.<br><br>Prvn\u00ed mni\u0161i se&nbsp;mohli nast\u011bhovat b\u011bhem&nbsp;roku 1695 a&nbsp;o&nbsp;\u010dty\u0159i roky pozd\u011bji v&nbsp;roce 1699 byl kl\u00e1\u0161ter vysv\u011bcen. V&nbsp;kl\u00e1\u0161te\u0159e \u017eilo 12 kapuc\u00ednsk\u00fdch kn\u011b\u017e\u00edch a&nbsp;9 novic\u016f. Jejich denn\u00ed \u010dinnosti byly kazatelstv\u00ed, duchovn\u00ed p\u00e9\u010de, ale i&nbsp;t\u0159eba v\u00fdroba p\u0159edm\u011bt\u016f z&nbsp;orobince. <br><br>V 1. polovin\u011b 18. stolet\u00ed byl kapuc\u00ednsk\u00fd \u0159\u00e1d finan\u010dn\u011b podporov\u00e1n hrab\u011bnkou Marii Mark\u00e9tou z&nbsp;Vald\u0161tejna, kter\u00e1 byla kapuc\u00edn\u016fm velice naklon\u011bna. Na&nbsp;sklonku 18. stolet\u00ed byl jako z&nbsp;mnoha dal\u0161\u00edch, kl\u00e1\u0161ter kapuc\u00edn\u016f zru\u0161en, ale komunita kapuc\u00edn\u016f tu mohla do\u017e\u00edt. Posledn\u00ed kapuc\u00edn zem\u0159el v&nbsp;roce 1811. Kl\u00e1\u0161ter byl po&nbsp;zru\u0161en\u00ed \u0159\u00e1du prod\u00e1n Arno\u0161tovi z&nbsp;Vald\u0161tejna a&nbsp;vyu\u017e\u00edv\u00e1n jako byty pro&nbsp;zam\u011bstnance z\u00e1mku.<br><br>Po roce 1945 byl kl\u00e1\u0161ter zkonfiskov\u00e1n st\u00e1tem. Od&nbsp;50. let byly v&nbsp;budov\u011b op\u011bt byty. Posledn\u00ed n\u00e1jemnice ode\u0161la v&nbsp;roce 1997 a&nbsp;za\u010d\u00edn\u00e1 obdob\u00ed Fokusu Mlad\u00e1 Boleslav.<\/p>\n<\/div>\n<\/div><\/div>\n<\/div>\n\n\n\n<div class=\"wp-block-column is-layout-flow wp-block-column-is-layout-flow\" style=\"flex-basis:50%\">\n<div class=\"wp-block-cover is-light kapka-blob-fotka-vpravo\" style=\"min-height:50px;aspect-ratio:unset;\"><span aria-hidden=\"true\" class=\"wp-block-cover__background has-primary-background-color has-background-dim-100 has-background-dim\"><\/span><div class=\"wp-block-cover__inner-container is-layout-flow wp-block-cover-is-layout-flow\">\n<div class=\"wp-block-group carousel is-layout-constrained wp-block-group-is-layout-constrained\"><div class=\"carousel-slider-outer carousel-slider-outer-image-carousel carousel-slider-outer-2428 swiper navigation-visibility-always navigation-position-inside pagination-visibility-never pagination-shape-circle pagination-align-center\" style=\"--carousel-slider-nav-color:rgb(10,10,10);--carousel-slider-active-nav-color:rgb(16,179,179);--carousel-slider-arrow-size:72px;--carousel-slider-bullet-size:10px;--swiper-theme-color:rgb(10,10,10);--swiper-navigation-size:72px;--swiper-pagination-bullet-size:10px\">\n<div id=\"&#039;id-2428\" class=\"carousel-slider carousel-slider-2428 arrows-visibility-always dots-visibility-never arrows-inside dots-center dots-circle swiper-wrapper\" data-slide-type=\"image-carousel\" data-swiper='{\"navigation\":{\"nextEl\":\".swiper-button-next\",\"prevEl\":\".swiper-button-prev\"},\"pagination\":false,\"direction\":\"horizontal\",\"loop\":true,\"slidesOffsetBefore\":0,\"slidesOffsetAfter\":0,\"speed\":500,\"spaceBetween\":2,\"slidesPerView\":1,\"breakpoints\":{\"300\":{\"slidesPerView\":1},\"576\":{\"slidesPerView\":1},\"768\":{\"slidesPerView\":1},\"1024\":{\"slidesPerView\":1},\"1280\":{\"slidesPerView\":1},\"1536\":{\"slidesPerView\":1}},\"lazy\":{\"loadPrevNext\":true},\"preloadImages\":false}'>\n<div class=\"swiper-slide\"><div class=\"carousel-slider__item\">\n\t<img decoding=\"async\" src=\"https:\/\/www.fokus-mb-sro.cz\/klasterweb\/wp-content\/uploads\/2024\/01\/01-2_3-O-NAS-historie-klastera.jpg\" loading=\"lazy\" alt=\"\"><\/a><div class=\"swiper-lazy-preloader swiper-lazy-preloader-white\"><\/div><\/div>\n<\/div>\n<div class=\"swiper-slide\"><div class=\"carousel-slider__item\">\n\t<img decoding=\"async\" src=\"https:\/\/www.fokus-mb-sro.cz\/klasterweb\/wp-content\/uploads\/2024\/01\/01-2_4-O-NAS-historie-klastera.jpg\" loading=\"lazy\" alt=\"\"><\/a><div class=\"swiper-lazy-preloader swiper-lazy-preloader-white\"><\/div><\/div>\n<\/div>\n<div class=\"swiper-slide\"><div class=\"carousel-slider__item\">\n\t<img decoding=\"async\" src=\"https:\/\/www.fokus-mb-sro.cz\/klasterweb\/wp-content\/uploads\/2024\/01\/01-2_5-O-NAS-historie-klastera.jpg\" loading=\"lazy\" alt=\"\"><\/a><div class=\"swiper-lazy-preloader swiper-lazy-preloader-white\"><\/div><\/div>\n<\/div>\n<div class=\"swiper-slide\"><div class=\"carousel-slider__item\">\n\t<img decoding=\"async\" src=\"https:\/\/www.fokus-mb-sro.cz\/klasterweb\/wp-content\/uploads\/2024\/01\/01-2_2-O-NAS-historie-klastera.jpg\" loading=\"lazy\" alt=\"\"><\/a><div class=\"swiper-lazy-preloader swiper-lazy-preloader-white\"><\/div><\/div>\n<\/div>\n<div class=\"swiper-slide\"><div class=\"carousel-slider__item\">\n\t<img decoding=\"async\" src=\"https:\/\/www.fokus-mb-sro.cz\/klasterweb\/wp-content\/uploads\/2024\/01\/01-2_1-O-NAS-historie-klastera-1.jpg\" loading=\"lazy\" alt=\"\"><\/a><div class=\"swiper-lazy-preloader swiper-lazy-preloader-white\"><\/div><\/div>\n<\/div>\n<\/div><!-- .carousel-slider-2428 -->\n<div class=\"swiper-button-prev\"><\/div><div class=\"swiper-button-next\"><\/div><\/div><!-- .carousel-slider-outer-2428 -->\n\n<\/div>\n<\/div><\/div>\n<\/div>\n<\/div>\n\n\n\n<div style=\"height:76px\" aria-hidden=\"true\" class=\"wp-block-spacer\"><\/div>\n\n\n\n<div class=\"wp-block-columns is-layout-flex wp-container-core-columns-is-layout-28f84493 wp-block-columns-is-layout-flex\">\n<div class=\"wp-block-column is-layout-flow wp-block-column-is-layout-flow\" style=\"flex-basis:50%\">\n<div class=\"wp-block-cover is-light has-parallax kapka-blob-doleva-sekce has-foreground-color has-text-color has-link-color wp-elements-5eb796670bad10c863307480ac4bfc7a\" style=\"border-style:none;border-width:0px;margin-top:0;margin-bottom:0;min-height:600px;aspect-ratio:unset;\" id=\"o-nas-03\"><span aria-hidden=\"true\" class=\"wp-block-cover__background has-primary-background-color has-background-dim-80 has-background-dim\"><\/span><div class=\"wp-block-cover__image-background wp-image-2072 has-parallax\" style=\"background-position:50% 50%;background-image:url(https:\/\/www.fokus-mb-sro.cz\/klasterweb\/wp-content\/uploads\/2023\/12\/01_3-O-NAS-prichod-fokusu-mb-PODKLADdoleva.jpg)\"><\/div><div class=\"wp-block-cover__inner-container is-layout-constrained wp-block-cover-is-layout-constrained\">\n<h2 class=\"wp-block-heading has-text-align-center nadpis-blob has-background-color has-text-color has-link-color has-large-font-size wp-elements-6c0eac91670527b1bdc5ee701367c534\">P\u0159\u00edchod Fokusu MB<\/h2>\n\n\n\n<div style=\"height:34px\" aria-hidden=\"true\" class=\"wp-block-spacer\"><\/div>\n\n\n\n<hr class=\"wp-block-separator has-text-color has-background-color has-alpha-channel-opacity has-background-background-color has-background\"\/>\n\n\n\n<div style=\"height:34px\" aria-hidden=\"true\" class=\"wp-block-spacer\"><\/div>\n\n\n\n<div class=\"wp-block-group has-background-color has-text-color has-link-color wp-elements-b0bce16005a609880c199a9d4f314fbe is-layout-constrained wp-block-group-is-layout-constrained\">\n<p>FOKUS Mlad\u00e1 Boleslav je nest\u00e1tn\u00ed neziskov\u00e1 organizace poskytuj\u00edc\u00ed od&nbsp;roku 1992 soci\u00e1ln\u00ed slu\u017eby pro&nbsp;lidi s&nbsp;dlouhodob\u00fdm v\u00e1\u017en\u00fdm du\u0161evn\u00edm onemocn\u011bn\u00edm. <br><br>O objekt kapuc\u00ednsk\u00e9ho kl\u00e1\u0161tera pe\u010dujeme od&nbsp;roku 1995, kdy jsme si sv\u00e9pomoc\u00ed upravili provizorn\u00ed z\u00e1zem\u00ed, ve&nbsp;spolupr\u00e1ci se&nbsp;spr\u00e1vou z\u00e1mku zah\u00e1jili z\u00e1chrann\u00e9 pr\u00e1ce a&nbsp;ob\u010das nanosili uhl\u00ed posledn\u00ed zde \u017eij\u00edc\u00ed n\u00e1jemnici. Spolupr\u00e1ce se&nbsp;\u00fasp\u011b\u0161n\u011b rozv\u00edjela, vznikly pl\u00e1ny na&nbsp;vyu\u017eit\u00ed objektu pro&nbsp;kulturn\u00ed a&nbsp;vzd\u011bl\u00e1vac\u00ed aktivity, provozn\u011b zaji\u0161\u0165ovan\u00e9 v&nbsp;r\u00e1mci pracovn\u00ed rehabilitace. <br><br>V roce 1997 jsme s&nbsp;Pam\u00e1tkov\u00fdm \u00fastavem uzav\u0159eli n\u00e1jemn\u00ed smlouvu a&nbsp;z\u0159\u00eddili zde chr\u00e1n\u011bnou d\u00edlnu. V&nbsp;roce 1999 jsme zah\u00e1jili provoz prvn\u00ed \u010d\u00e1sti ubytovac\u00ed kapacity. Postupn\u011b byla roz\u0161\u00ed\u0159ena kapacita ubytov\u00e1n\u00ed na&nbsp;sou\u010dasn\u00fdch 42 osob, obnoven p\u016fvodn\u00ed refekt\u00e1\u0159, zadaptov\u00e1na stodola a&nbsp;rekonstruov\u00e1ny dvory. <br><br>Co n\u00e1s je\u0161t\u011b \u010dek\u00e1? Celkov\u00e1 oprava (restaurov\u00e1n\u00ed) barokn\u00edho krovu a&nbsp;st\u0159e\u0161n\u00ed krytiny, dokon\u010den\u00ed v\u00fdm\u011bny oken, rekonstrukce b\u00fdval\u00fdch st\u00e1j\u00ed &#8211; mo\u017en\u00e1 na&nbsp;malou kav\u00e1rnu, mo\u017en\u00e1 obnova ambitu a&nbsp;studny v&nbsp;rajsk\u00e9m dvo\u0159e. Je toho mnoho a&nbsp;pomoci m\u016f\u017eete i&nbsp;Vy svou n\u00e1v\u0161t\u011bvou.<\/p>\n<\/div>\n<\/div><\/div>\n<\/div>\n\n\n\n<div class=\"wp-block-column is-layout-flow wp-block-column-is-layout-flow\" style=\"flex-basis:50%\">\n<div class=\"wp-block-cover is-light kapka-blob-fotka-vpravo\" style=\"min-height:50px;aspect-ratio:unset;\"><span aria-hidden=\"true\" class=\"wp-block-cover__background has-primary-background-color has-background-dim-100 has-background-dim\"><\/span><div class=\"wp-block-cover__inner-container is-layout-flow wp-block-cover-is-layout-flow\">\n<div class=\"wp-block-group carousel is-layout-constrained wp-block-group-is-layout-constrained\"><div class=\"carousel-slider-outer carousel-slider-outer-image-carousel carousel-slider-outer-2448 swiper navigation-visibility-always navigation-position-inside pagination-visibility-never pagination-shape-circle pagination-align-center\" style=\"--carousel-slider-nav-color:rgb(130,130,130);--carousel-slider-active-nav-color:rgb(16,179,179);--carousel-slider-arrow-size:72px;--carousel-slider-bullet-size:10px;--swiper-theme-color:rgb(130,130,130);--swiper-navigation-size:72px;--swiper-pagination-bullet-size:10px\">\n<div id=\"&#039;id-2448\" class=\"carousel-slider carousel-slider-2448 arrows-visibility-always dots-visibility-never arrows-inside dots-center dots-circle swiper-wrapper\" data-slide-type=\"image-carousel\" data-swiper='{\"navigation\":{\"nextEl\":\".swiper-button-next\",\"prevEl\":\".swiper-button-prev\"},\"pagination\":false,\"direction\":\"horizontal\",\"loop\":true,\"slidesOffsetBefore\":0,\"slidesOffsetAfter\":0,\"speed\":500,\"spaceBetween\":2,\"slidesPerView\":\"auto\",\"lazy\":{\"loadPrevNext\":true},\"preloadImages\":false}'>\n<div class=\"swiper-slide\"><div class=\"carousel-slider__item\">\n\t<img decoding=\"async\" src=\"https:\/\/www.fokus-mb-sro.cz\/klasterweb\/wp-content\/uploads\/2023\/12\/01_3-PRICHODFOKUSU-2.jpg\" loading=\"lazy\" alt=\"\"><\/a><div class=\"swiper-lazy-preloader swiper-lazy-preloader-white\"><\/div><\/div>\n<\/div>\n<div class=\"swiper-slide\"><div class=\"carousel-slider__item\">\n\t<img decoding=\"async\" src=\"https:\/\/www.fokus-mb-sro.cz\/klasterweb\/wp-content\/uploads\/2023\/12\/01_3-PRICHODFOKUSU-3.jpg\" loading=\"lazy\" alt=\"\"><\/a><div class=\"swiper-lazy-preloader swiper-lazy-preloader-white\"><\/div><\/div>\n<\/div>\n<div class=\"swiper-slide\"><div class=\"carousel-slider__item\">\n\t<img decoding=\"async\" src=\"https:\/\/www.fokus-mb-sro.cz\/klasterweb\/wp-content\/uploads\/2023\/12\/01_3-PRICHODFOKUSU-4.jpg\" loading=\"lazy\" alt=\"\"><\/a><div class=\"swiper-lazy-preloader swiper-lazy-preloader-white\"><\/div><\/div>\n<\/div>\n<\/div><!-- .carousel-slider-2448 -->\n<div class=\"swiper-button-prev\"><\/div><div class=\"swiper-button-next\"><\/div><\/div><!-- .carousel-slider-outer-2448 -->\n\n<\/div>\n<\/div><\/div>\n<\/div>\n<\/div>\n","protected":false},"excerpt":{"rendered":"","protected":false},"author":1,"featured_media":3625,"parent":0,"menu_order":9999,"comment_status":"closed","ping_status":"closed","template":"","meta":{"footnotes":""},"class_list":["post-13","page","type-page","status-publish","has-post-thumbnail","hentry"],"yoast_head":"<!-- This site is optimized with the Yoast SEO plugin v27.2 - https:\/\/yoast.com\/product\/yoast-seo-wordpress\/ -->\n<title>Ubytov&aacute;n&iacute; Kapuc&iacute;nsk&yacute; kl&aacute;&scaron;ter Mnichovo Hradi&scaron;t\u011b - O n\u00e1s<\/title>\n<meta name=\"description\" content=\"\u00davodn\u00ed str\u00e1nka Kapuc\u00ednsk\u00e9ho Kl\u00e1\u0161tera v Mnichov\u011b Hradi\u0161ti, ubytovac\u00edho a kulturn\u00edho prostoru na poklidn\u00e9m okraji m\u011bsta.\" \/>\n<meta name=\"robots\" content=\"index, follow, max-snippet:-1, max-image-preview:large, max-video-preview:-1\" \/>\n<link rel=\"canonical\" href=\"https:\/\/www.fokus-mb-sro.cz\/klasterweb\/\" \/>\n<meta property=\"og:locale\" content=\"cs_CZ\" \/>\n<meta property=\"og:type\" content=\"article\" \/>\n<meta property=\"og:title\" content=\"Ubytov&aacute;n&iacute; Kapuc&iacute;nsk&yacute; kl&aacute;&scaron;ter Mnichovo Hradi&scaron;t\u011b - O n\u00e1s\" \/>\n<meta property=\"og:description\" content=\"\u00davodn\u00ed str\u00e1nka Kapuc\u00ednsk\u00e9ho Kl\u00e1\u0161tera v Mnichov\u011b Hradi\u0161ti, ubytovac\u00edho a kulturn\u00edho prostoru na poklidn\u00e9m okraji m\u011bsta.\" \/>\n<meta property=\"og:url\" content=\"https:\/\/www.fokus-mb-sro.cz\/klasterweb\/\" \/>\n<meta property=\"og:site_name\" content=\"Ubytov&aacute;n&iacute; Kapuc&iacute;nsk&yacute; kl&aacute;&scaron;ter Mnichovo Hradi&scaron;t\u011b\" \/>\n<meta property=\"article:publisher\" content=\"https:\/\/www.facebook.com\/fokusmbklaster\" \/>\n<meta property=\"article:modified_time\" content=\"2024-11-05T08:24:18+00:00\" \/>\n<meta property=\"og:image\" content=\"https:\/\/www.fokus-mb-sro.cz\/klasterweb\/wp-content\/uploads\/2024\/11\/KLAST-onas.jpg\" \/>\n\t<meta property=\"og:image:width\" content=\"1000\" \/>\n\t<meta property=\"og:image:height\" content=\"556\" \/>\n\t<meta property=\"og:image:type\" content=\"image\/jpeg\" \/>\n<meta name=\"twitter:card\" content=\"summary_large_image\" \/>\n<meta name=\"twitter:label1\" content=\"Odhadovan\u00e1 doba \u010dten\u00ed\" \/>\n\t<meta name=\"twitter:data1\" content=\"2 minuty\" \/>\n<script type=\"application\/ld+json\" class=\"yoast-schema-graph\">{\"@context\":\"https:\/\/schema.org\",\"@graph\":[{\"@type\":\"WebPage\",\"@id\":\"https:\/\/www.fokus-mb-sro.cz\/klasterweb\/\",\"url\":\"https:\/\/www.fokus-mb-sro.cz\/klasterweb\/\",\"name\":\"Ubytov&aacute;n&iacute; Kapuc&iacute;nsk&yacute; kl&aacute;&scaron;ter Mnichovo Hradi&scaron;t\u011b - O n\u00e1s\",\"isPartOf\":{\"@id\":\"https:\/\/www.fokus-mb-sro.cz\/klasterweb\/#website\"},\"primaryImageOfPage\":{\"@id\":\"https:\/\/www.fokus-mb-sro.cz\/klasterweb\/#primaryimage\"},\"image\":{\"@id\":\"https:\/\/www.fokus-mb-sro.cz\/klasterweb\/#primaryimage\"},\"thumbnailUrl\":\"https:\/\/www.fokus-mb-sro.cz\/klasterweb\/wp-content\/uploads\/2024\/11\/KLAST-onas.jpg\",\"datePublished\":\"2023-10-31T09:05:00+00:00\",\"dateModified\":\"2024-11-05T08:24:18+00:00\",\"description\":\"\u00davodn\u00ed str\u00e1nka Kapuc\u00ednsk\u00e9ho Kl\u00e1\u0161tera v Mnichov\u011b Hradi\u0161ti, ubytovac\u00edho a kulturn\u00edho prostoru na poklidn\u00e9m okraji m\u011bsta.\",\"breadcrumb\":{\"@id\":\"https:\/\/www.fokus-mb-sro.cz\/klasterweb\/#breadcrumb\"},\"inLanguage\":\"cs\",\"potentialAction\":[{\"@type\":\"ReadAction\",\"target\":[\"https:\/\/www.fokus-mb-sro.cz\/klasterweb\/\"]}]},{\"@type\":\"ImageObject\",\"inLanguage\":\"cs\",\"@id\":\"https:\/\/www.fokus-mb-sro.cz\/klasterweb\/#primaryimage\",\"url\":\"https:\/\/www.fokus-mb-sro.cz\/klasterweb\/wp-content\/uploads\/2024\/11\/KLAST-onas.jpg\",\"contentUrl\":\"https:\/\/www.fokus-mb-sro.cz\/klasterweb\/wp-content\/uploads\/2024\/11\/KLAST-onas.jpg\",\"width\":1000,\"height\":556},{\"@type\":\"BreadcrumbList\",\"@id\":\"https:\/\/www.fokus-mb-sro.cz\/klasterweb\/#breadcrumb\",\"itemListElement\":[{\"@type\":\"ListItem\",\"position\":1,\"name\":\"Dom\u016f\",\"item\":\"https:\/\/www.fokus-mb-sro.cz\/klasterweb\/\"},{\"@type\":\"ListItem\",\"position\":2,\"name\":\"O n\u00e1s\"}]},{\"@type\":\"WebSite\",\"@id\":\"https:\/\/www.fokus-mb-sro.cz\/klasterweb\/#website\",\"url\":\"https:\/\/www.fokus-mb-sro.cz\/klasterweb\/\",\"name\":\"Kapuc\u00ednsk\u00fd kl\u00e1\u0161ter Mnichovo Hradi\u0161t\u011b\",\"description\":\"Ubytovac&iacute; a kulturn&iacute; z&aacute;zem&iacute; v malebn&eacute; \u010d&aacute;sti okraje Mnichova Hradi&scaron;t\u011b.\",\"publisher\":{\"@id\":\"https:\/\/www.fokus-mb-sro.cz\/klasterweb\/#organization\"},\"alternateName\":\"Kapuc\u00ednsk\u00fd Kl\u00e1\u0161ter MH\",\"potentialAction\":[{\"@type\":\"SearchAction\",\"target\":{\"@type\":\"EntryPoint\",\"urlTemplate\":\"https:\/\/www.fokus-mb-sro.cz\/klasterweb\/?s={search_term_string}\"},\"query-input\":{\"@type\":\"PropertyValueSpecification\",\"valueRequired\":true,\"valueName\":\"search_term_string\"}}],\"inLanguage\":\"cs\"},{\"@type\":\"Organization\",\"@id\":\"https:\/\/www.fokus-mb-sro.cz\/klasterweb\/#organization\",\"name\":\"Fokus MB s.r.o.\",\"alternateName\":\"Fokus MB\",\"url\":\"https:\/\/www.fokus-mb-sro.cz\/klasterweb\/\",\"logo\":{\"@type\":\"ImageObject\",\"inLanguage\":\"cs\",\"@id\":\"https:\/\/www.fokus-mb-sro.cz\/klasterweb\/#\/schema\/logo\/image\/\",\"url\":\"https:\/\/www.fokus-mb-sro.cz\/klasterweb\/wp-content\/uploads\/2025\/04\/fokusmbsro-googlesearch.jpg\",\"contentUrl\":\"https:\/\/www.fokus-mb-sro.cz\/klasterweb\/wp-content\/uploads\/2025\/04\/fokusmbsro-googlesearch.jpg\",\"width\":512,\"height\":512,\"caption\":\"Fokus MB s.r.o.\"},\"image\":{\"@id\":\"https:\/\/www.fokus-mb-sro.cz\/klasterweb\/#\/schema\/logo\/image\/\"},\"sameAs\":[\"https:\/\/www.facebook.com\/fokusmbklaster\",\"https:\/\/www.instagram.com\/kapucinskyklastermh\/\"]}]}<\/script>\n<!-- \/ Yoast SEO plugin. -->","yoast_head_json":{"title":"Ubytov&aacute;n&iacute; Kapuc&iacute;nsk&yacute; kl&aacute;&scaron;ter Mnichovo Hradi&scaron;t\u011b - O n\u00e1s","description":"\u00davodn\u00ed str\u00e1nka Kapuc\u00ednsk\u00e9ho Kl\u00e1\u0161tera v Mnichov\u011b Hradi\u0161ti, ubytovac\u00edho a kulturn\u00edho prostoru na poklidn\u00e9m okraji m\u011bsta.","robots":{"index":"index","follow":"follow","max-snippet":"max-snippet:-1","max-image-preview":"max-image-preview:large","max-video-preview":"max-video-preview:-1"},"canonical":"https:\/\/www.fokus-mb-sro.cz\/klasterweb\/","og_locale":"cs_CZ","og_type":"article","og_title":"Ubytov&aacute;n&iacute; Kapuc&iacute;nsk&yacute; kl&aacute;&scaron;ter Mnichovo Hradi&scaron;t\u011b - O n\u00e1s","og_description":"\u00davodn\u00ed str\u00e1nka Kapuc\u00ednsk\u00e9ho Kl\u00e1\u0161tera v Mnichov\u011b Hradi\u0161ti, ubytovac\u00edho a kulturn\u00edho prostoru na poklidn\u00e9m okraji m\u011bsta.","og_url":"https:\/\/www.fokus-mb-sro.cz\/klasterweb\/","og_site_name":"Ubytov&aacute;n&iacute; Kapuc&iacute;nsk&yacute; kl&aacute;&scaron;ter Mnichovo Hradi&scaron;t\u011b","article_publisher":"https:\/\/www.facebook.com\/fokusmbklaster","article_modified_time":"2024-11-05T08:24:18+00:00","og_image":[{"width":1000,"height":556,"url":"https:\/\/www.fokus-mb-sro.cz\/klasterweb\/wp-content\/uploads\/2024\/11\/KLAST-onas.jpg","type":"image\/jpeg"}],"twitter_card":"summary_large_image","twitter_misc":{"Odhadovan\u00e1 doba \u010dten\u00ed":"2 minuty"},"schema":{"@context":"https:\/\/schema.org","@graph":[{"@type":"WebPage","@id":"https:\/\/www.fokus-mb-sro.cz\/klasterweb\/","url":"https:\/\/www.fokus-mb-sro.cz\/klasterweb\/","name":"Ubytov&aacute;n&iacute; Kapuc&iacute;nsk&yacute; kl&aacute;&scaron;ter Mnichovo Hradi&scaron;t\u011b - O n\u00e1s","isPartOf":{"@id":"https:\/\/www.fokus-mb-sro.cz\/klasterweb\/#website"},"primaryImageOfPage":{"@id":"https:\/\/www.fokus-mb-sro.cz\/klasterweb\/#primaryimage"},"image":{"@id":"https:\/\/www.fokus-mb-sro.cz\/klasterweb\/#primaryimage"},"thumbnailUrl":"https:\/\/www.fokus-mb-sro.cz\/klasterweb\/wp-content\/uploads\/2024\/11\/KLAST-onas.jpg","datePublished":"2023-10-31T09:05:00+00:00","dateModified":"2024-11-05T08:24:18+00:00","description":"\u00davodn\u00ed str\u00e1nka Kapuc\u00ednsk\u00e9ho Kl\u00e1\u0161tera v Mnichov\u011b Hradi\u0161ti, ubytovac\u00edho a kulturn\u00edho prostoru na poklidn\u00e9m okraji m\u011bsta.","breadcrumb":{"@id":"https:\/\/www.fokus-mb-sro.cz\/klasterweb\/#breadcrumb"},"inLanguage":"cs","potentialAction":[{"@type":"ReadAction","target":["https:\/\/www.fokus-mb-sro.cz\/klasterweb\/"]}]},{"@type":"ImageObject","inLanguage":"cs","@id":"https:\/\/www.fokus-mb-sro.cz\/klasterweb\/#primaryimage","url":"https:\/\/www.fokus-mb-sro.cz\/klasterweb\/wp-content\/uploads\/2024\/11\/KLAST-onas.jpg","contentUrl":"https:\/\/www.fokus-mb-sro.cz\/klasterweb\/wp-content\/uploads\/2024\/11\/KLAST-onas.jpg","width":1000,"height":556},{"@type":"BreadcrumbList","@id":"https:\/\/www.fokus-mb-sro.cz\/klasterweb\/#breadcrumb","itemListElement":[{"@type":"ListItem","position":1,"name":"Dom\u016f","item":"https:\/\/www.fokus-mb-sro.cz\/klasterweb\/"},{"@type":"ListItem","position":2,"name":"O n\u00e1s"}]},{"@type":"WebSite","@id":"https:\/\/www.fokus-mb-sro.cz\/klasterweb\/#website","url":"https:\/\/www.fokus-mb-sro.cz\/klasterweb\/","name":"Kapuc\u00ednsk\u00fd kl\u00e1\u0161ter Mnichovo Hradi\u0161t\u011b","description":"Ubytovac&iacute; a kulturn&iacute; z&aacute;zem&iacute; v malebn&eacute; \u010d&aacute;sti okraje Mnichova Hradi&scaron;t\u011b.","publisher":{"@id":"https:\/\/www.fokus-mb-sro.cz\/klasterweb\/#organization"},"alternateName":"Kapuc\u00ednsk\u00fd Kl\u00e1\u0161ter MH","potentialAction":[{"@type":"SearchAction","target":{"@type":"EntryPoint","urlTemplate":"https:\/\/www.fokus-mb-sro.cz\/klasterweb\/?s={search_term_string}"},"query-input":{"@type":"PropertyValueSpecification","valueRequired":true,"valueName":"search_term_string"}}],"inLanguage":"cs"},{"@type":"Organization","@id":"https:\/\/www.fokus-mb-sro.cz\/klasterweb\/#organization","name":"Fokus MB s.r.o.","alternateName":"Fokus MB","url":"https:\/\/www.fokus-mb-sro.cz\/klasterweb\/","logo":{"@type":"ImageObject","inLanguage":"cs","@id":"https:\/\/www.fokus-mb-sro.cz\/klasterweb\/#\/schema\/logo\/image\/","url":"https:\/\/www.fokus-mb-sro.cz\/klasterweb\/wp-content\/uploads\/2025\/04\/fokusmbsro-googlesearch.jpg","contentUrl":"https:\/\/www.fokus-mb-sro.cz\/klasterweb\/wp-content\/uploads\/2025\/04\/fokusmbsro-googlesearch.jpg","width":512,"height":512,"caption":"Fokus MB s.r.o."},"image":{"@id":"https:\/\/www.fokus-mb-sro.cz\/klasterweb\/#\/schema\/logo\/image\/"},"sameAs":["https:\/\/www.facebook.com\/fokusmbklaster","https:\/\/www.instagram.com\/kapucinskyklastermh\/"]}]}},"_links":{"self":[{"href":"https:\/\/www.fokus-mb-sro.cz\/klasterweb\/wp-json\/wp\/v2\/pages\/13","targetHints":{"allow":["GET"]}}],"collection":[{"href":"https:\/\/www.fokus-mb-sro.cz\/klasterweb\/wp-json\/wp\/v2\/pages"}],"about":[{"href":"https:\/\/www.fokus-mb-sro.cz\/klasterweb\/wp-json\/wp\/v2\/types\/page"}],"author":[{"embeddable":true,"href":"https:\/\/www.fokus-mb-sro.cz\/klasterweb\/wp-json\/wp\/v2\/users\/1"}],"replies":[{"embeddable":true,"href":"https:\/\/www.fokus-mb-sro.cz\/klasterweb\/wp-json\/wp\/v2\/comments?post=13"}],"version-history":[{"count":201,"href":"https:\/\/www.fokus-mb-sro.cz\/klasterweb\/wp-json\/wp\/v2\/pages\/13\/revisions"}],"predecessor-version":[{"id":3641,"href":"https:\/\/www.fokus-mb-sro.cz\/klasterweb\/wp-json\/wp\/v2\/pages\/13\/revisions\/3641"}],"wp:featuredmedia":[{"embeddable":true,"href":"https:\/\/www.fokus-mb-sro.cz\/klasterweb\/wp-json\/wp\/v2\/media\/3625"}],"wp:attachment":[{"href":"https:\/\/www.fokus-mb-sro.cz\/klasterweb\/wp-json\/wp\/v2\/media?parent=13"}],"curies":[{"name":"wp","href":"https:\/\/api.w.org\/{rel}","templated":true}]}}