{"id":3706,"date":"2024-12-03T07:46:08","date_gmt":"2024-12-03T07:46:08","guid":{"rendered":"https:\/\/www.fokus-mb-sro.cz\/klasterweb\/?page_id=3706"},"modified":"2026-02-10T09:20:38","modified_gmt":"2026-02-10T09:20:38","slug":"svatby","status":"publish","type":"page","link":"https:\/\/www.fokus-mb-sro.cz\/klasterweb\/svatby\/","title":{"rendered":"Svatby"},"content":{"rendered":"\n<div class=\"wp-block-columns is-layout-flex wp-container-core-columns-is-layout-28f84493 wp-block-columns-is-layout-flex\">\n<div class=\"wp-block-column is-layout-flow wp-block-column-is-layout-flow\" style=\"flex-basis:50%\">\n<div class=\"wp-block-cover is-light has-parallax kapka-blob-doleva-sekce has-foreground-color has-text-color has-link-color wp-elements-75a06643fbcef2756bb2b732b7eb95a7\" style=\"border-style:none;border-width:0px;margin-top:0;margin-bottom:0;min-height:600px;aspect-ratio:unset;\" id=\"o-nas-01\"><div class=\"wp-block-cover__image-background wp-image-2445 has-parallax\" style=\"background-position:50% 50%;background-image:url(https:\/\/www.fokus-mb-sro.cz\/klasterweb\/wp-content\/uploads\/2023\/12\/O-NAS-1HISTORIE-SLIDE-2_768px-1.jpg)\"><\/div><span aria-hidden=\"true\" class=\"wp-block-cover__background has-primary-background-color has-background-dim-80 has-background-dim\"><\/span><div class=\"wp-block-cover__inner-container is-layout-constrained wp-block-cover-is-layout-constrained\">\n<h2 class=\"wp-block-heading has-text-align-center nadpis-blob has-background-color has-text-color has-link-color has-large-font-size wp-elements-2bd4313bd7b77266de5d37ccc2a6e3c9\">Mo\u017enost po\u0159\u00e1d\u00e1n\u00ed svateb<\/h2>\n\n\n\n<div style=\"height:34px\" aria-hidden=\"true\" class=\"wp-block-spacer\"><\/div>\n\n\n\n<hr class=\"wp-block-separator has-text-color has-background-color has-alpha-channel-opacity has-background-background-color has-background\"\/>\n\n\n\n<div style=\"height:34px\" aria-hidden=\"true\" class=\"wp-block-spacer\"><\/div>\n\n\n\n<div class=\"wp-block-group is-layout-constrained wp-block-group-is-layout-constrained\">\n<p class=\"has-text-align-left has-background-color has-text-color has-link-color wp-elements-a33555c1058935a619ff00032a994927\">Kl\u00e1\u0161ter je netradi\u010dn\u00ed m\u00edsto, ze kter\u00e9ho d\u00fdch\u00e1 historie \u010dasu a&nbsp;poskytuje soukrom\u00ed pro&nbsp;kon\u00e1n\u00ed svateb.<br><br>Ob\u0159ad, hostina i&nbsp;ubytov\u00e1n\u00ed na&nbsp;jednom m\u00edst\u011b.<br><br>Venkovn\u00ed prostory jako stodolu, dva kr\u00e1sn\u00e9 dvore\u010dky a&nbsp;letn\u00ed kuchy\u0148 pronaj\u00edm\u00e1me na&nbsp;svatby od&nbsp;kv\u011btna do&nbsp;z\u00e1\u0159\u00ed v\u017edy na&nbsp;t\u0159i dny, a&nbsp;to zpravidla p\u00e1-ne. Cena pron\u00e1jmu je 60.000,-. V&nbsp;ostatn\u00edch m\u011bs\u00edc\u00edch si m\u016f\u017eete pronajmout refekt\u00e1\u0159 (velk\u00e1 spole\u010densk\u00e1 m\u00edstnost) s&nbsp;kapacitou 55 osob. Cena pron\u00e1jmu na&nbsp;cel\u00fd v\u00edkend je 45.000,-. V&nbsp;cen\u011b je v\u017edy zahrnuto ubytov\u00e1n\u00ed pro&nbsp;42 osob.<br><br>Krom\u011b prostor V\u00e1m m\u016f\u017eeme zap\u016fj\u010dit gril na&nbsp;k\u00fdtu, n\u00e1dob\u00ed a&nbsp;sklo na&nbsp;hostinu. V\u0161e ostatn\u00ed si zaji\u0161\u0165ujete sami.<\/p>\n\n\n\n<p class=\"has-text-align-left has-background-color has-text-color has-link-color wp-elements-d87931c98506c2fe6f44a45d6e3380b0\"><strong>Pokud jste se&nbsp;rozhodli m\u00edt svatbu pr\u00e1v\u011b u&nbsp;n\u00e1s, rezervujte si term\u00edn alespo\u0148 rok dop\u0159edu.<\/strong><br><br>Pro v\u00edce informac\u00ed <a href=\"#kontakt-mail-tel\">n\u00e1s nev\u00e1hejte kontaktovat<\/a>.<\/p>\n<\/div>\n<\/div><\/div>\n<\/div>\n\n\n\n<div class=\"wp-block-column is-layout-flow wp-block-column-is-layout-flow\" style=\"flex-basis:50%\">\n<div class=\"wp-block-cover is-light kapka-blob-fotka-vpravo carousel2\" style=\"min-height:50px;aspect-ratio:unset;\"><span aria-hidden=\"true\" class=\"wp-block-cover__background has-primary-background-color has-background-dim-100 has-background-dim\"><\/span><div class=\"wp-block-cover__inner-container is-layout-flow wp-block-cover-is-layout-flow\">\n<div class=\"wp-block-group carousel is-layout-constrained wp-block-group-is-layout-constrained\"><div class=\"carousel-slider-outer carousel-slider-outer-image-carousel carousel-slider-outer-3950 swiper navigation-visibility-always navigation-position-inside pagination-visibility-never pagination-shape-circle pagination-align-center\" style=\"--carousel-slider-nav-color:#f1f1f1;--carousel-slider-active-nav-color:rgb(16,179,179);--carousel-slider-arrow-size:72px;--carousel-slider-bullet-size:10px;--swiper-theme-color:#f1f1f1;--swiper-navigation-size:72px;--swiper-pagination-bullet-size:10px\">\n<div id=\"&#039;id-3950\" class=\"carousel-slider carousel-slider-3950 arrows-visibility-always dots-visibility-never arrows-inside dots-center dots-circle swiper-wrapper\" data-slide-type=\"image-carousel\" data-swiper='{\"navigation\":{\"nextEl\":\".swiper-button-next\",\"prevEl\":\".swiper-button-prev\"},\"pagination\":false,\"direction\":\"horizontal\",\"loop\":true,\"slidesOffsetBefore\":0,\"slidesOffsetAfter\":0,\"speed\":500,\"spaceBetween\":2,\"slidesPerView\":1,\"breakpoints\":{\"300\":{\"slidesPerView\":1},\"576\":{\"slidesPerView\":1},\"768\":{\"slidesPerView\":1},\"1024\":{\"slidesPerView\":1},\"1280\":{\"slidesPerView\":1},\"1536\":{\"slidesPerView\":1}},\"lazy\":{\"loadPrevNext\":true},\"preloadImages\":false}'>\n<div class=\"swiper-slide\"><div class=\"carousel-slider__item\">\n\t<img decoding=\"async\" src=\"https:\/\/www.fokus-mb-sro.cz\/klasterweb\/wp-content\/uploads\/2026\/02\/pro-9Hsf41We-e1770715416624-1024x1024.jpeg\" loading=\"lazy\" alt=\"\"><\/a><div class=\"swiper-lazy-preloader swiper-lazy-preloader-white\"><\/div><\/div>\n<\/div>\n<div class=\"swiper-slide\"><div class=\"carousel-slider__item\">\n\t<img decoding=\"async\" src=\"https:\/\/www.fokus-mb-sro.cz\/klasterweb\/wp-content\/uploads\/2026\/02\/pro-Cb8ahRFS-scaled-e1770715478400-1013x1024.jpeg\" loading=\"lazy\" alt=\"\"><\/a><div class=\"swiper-lazy-preloader swiper-lazy-preloader-white\"><\/div><\/div>\n<\/div>\n<div class=\"swiper-slide\"><div class=\"carousel-slider__item\">\n\t<img decoding=\"async\" src=\"https:\/\/www.fokus-mb-sro.cz\/klasterweb\/wp-content\/uploads\/2026\/02\/pro-CRclWPjZ-scaled-e1770715514663-1017x1024.jpeg\" loading=\"lazy\" alt=\"\"><\/a><div class=\"swiper-lazy-preloader swiper-lazy-preloader-white\"><\/div><\/div>\n<\/div>\n<div class=\"swiper-slide\"><div class=\"carousel-slider__item\">\n\t<img decoding=\"async\" src=\"https:\/\/www.fokus-mb-sro.cz\/klasterweb\/wp-content\/uploads\/2026\/02\/pro-EHr6kzIX-scaled-e1770715538866-1024x1022.jpeg\" loading=\"lazy\" alt=\"\"><\/a><div class=\"swiper-lazy-preloader swiper-lazy-preloader-white\"><\/div><\/div>\n<\/div>\n<div class=\"swiper-slide\"><div class=\"carousel-slider__item\">\n\t<img decoding=\"async\" src=\"https:\/\/www.fokus-mb-sro.cz\/klasterweb\/wp-content\/uploads\/2026\/02\/pro-fESsmh1f-scaled-e1770715568979-1008x1024.jpeg\" loading=\"lazy\" alt=\"\"><\/a><div class=\"swiper-lazy-preloader swiper-lazy-preloader-white\"><\/div><\/div>\n<\/div>\n<div class=\"swiper-slide\"><div class=\"carousel-slider__item\">\n\t<img decoding=\"async\" src=\"https:\/\/www.fokus-mb-sro.cz\/klasterweb\/wp-content\/uploads\/2026\/02\/pro-L75396tM-scaled-e1770715593730-1019x1024.jpeg\" loading=\"lazy\" alt=\"\"><\/a><div class=\"swiper-lazy-preloader swiper-lazy-preloader-white\"><\/div><\/div>\n<\/div>\n<div class=\"swiper-slide\"><div class=\"carousel-slider__item\">\n\t<img decoding=\"async\" src=\"https:\/\/www.fokus-mb-sro.cz\/klasterweb\/wp-content\/uploads\/2026\/02\/pro-NbEhdYE6-scaled-e1770715616133-1022x1024.jpeg\" loading=\"lazy\" alt=\"\"><\/a><div class=\"swiper-lazy-preloader swiper-lazy-preloader-white\"><\/div><\/div>\n<\/div>\n<div class=\"swiper-slide\"><div class=\"carousel-slider__item\">\n\t<img decoding=\"async\" src=\"https:\/\/www.fokus-mb-sro.cz\/klasterweb\/wp-content\/uploads\/2026\/02\/pro-OQNWI8BJ-scaled-e1770715643184-1006x1024.jpeg\" loading=\"lazy\" alt=\"\"><\/a><div class=\"swiper-lazy-preloader swiper-lazy-preloader-white\"><\/div><\/div>\n<\/div>\n<div class=\"swiper-slide\"><div class=\"carousel-slider__item\">\n\t<img decoding=\"async\" src=\"https:\/\/www.fokus-mb-sro.cz\/klasterweb\/wp-content\/uploads\/2026\/02\/pro-PxooFgQ8-scaled-e1770715662952-1024x1017.jpeg\" loading=\"lazy\" alt=\"\"><\/a><div class=\"swiper-lazy-preloader swiper-lazy-preloader-white\"><\/div><\/div>\n<\/div>\n<div class=\"swiper-slide\"><div class=\"carousel-slider__item\">\n\t<img decoding=\"async\" src=\"https:\/\/www.fokus-mb-sro.cz\/klasterweb\/wp-content\/uploads\/2026\/02\/pro-VlBAHXaq-scaled-e1770715687117-1015x1024.jpeg\" loading=\"lazy\" alt=\"\"><\/a><div class=\"swiper-lazy-preloader swiper-lazy-preloader-white\"><\/div><\/div>\n<\/div>\n<\/div><!-- .carousel-slider-3950 -->\n<div class=\"swiper-button-prev\"><\/div><div class=\"swiper-button-next\"><\/div><\/div><!-- .carousel-slider-outer-3950 -->\n\n<\/div>\n<\/div><\/div>\n<\/div>\n<\/div>\n","protected":false},"excerpt":{"rendered":"","protected":false},"author":1,"featured_media":3831,"parent":0,"menu_order":0,"comment_status":"closed","ping_status":"closed","template":"wp-custom-template-svatby","meta":{"footnotes":""},"class_list":["post-3706","page","type-page","status-publish","has-post-thumbnail","hentry"],"yoast_head":"<!-- This site is optimized with the Yoast SEO plugin v27.3 - https:\/\/yoast.com\/product\/yoast-seo-wordpress\/ -->\n<title>Ubytov&aacute;n&iacute; Kapuc&iacute;nsk&yacute; kl&aacute;&scaron;ter Mnichovo Hradi&scaron;t\u011b - Svatby<\/title>\n<meta name=\"description\" content=\"Nov\u011b nab\u00edz\u00edme mo\u017enost svateb v na\u0161em Kapuc\u00ednsk\u00e9m kl\u00e1\u0161te\u0159e v malebn\u00e9 \u010d\u00e1sti okraje Mnichova Hradi\u0161t\u011b. Po kliknut\u00ed se dozv\u00edte v\u00edce informac\u00ed.\" \/>\n<meta name=\"robots\" content=\"index, follow, max-snippet:-1, max-image-preview:large, max-video-preview:-1\" \/>\n<link rel=\"canonical\" href=\"https:\/\/www.fokus-mb-sro.cz\/klasterweb\/svatby\/\" \/>\n<meta property=\"og:locale\" content=\"cs_CZ\" \/>\n<meta property=\"og:type\" content=\"article\" \/>\n<meta property=\"og:title\" content=\"Ubytov&aacute;n&iacute; Kapuc&iacute;nsk&yacute; kl&aacute;&scaron;ter Mnichovo Hradi&scaron;t\u011b - Svatby\" \/>\n<meta property=\"og:description\" content=\"Nov\u011b nab\u00edz\u00edme mo\u017enost svateb v na\u0161em Kapuc\u00ednsk\u00e9m kl\u00e1\u0161te\u0159e v malebn\u00e9 \u010d\u00e1sti okraje Mnichova Hradi\u0161t\u011b. Po kliknut\u00ed se dozv\u00edte v\u00edce informac\u00ed.\" \/>\n<meta property=\"og:url\" content=\"https:\/\/www.fokus-mb-sro.cz\/klasterweb\/svatby\/\" \/>\n<meta property=\"og:site_name\" content=\"Ubytov&aacute;n&iacute; Kapuc&iacute;nsk&yacute; kl&aacute;&scaron;ter Mnichovo Hradi&scaron;t\u011b\" \/>\n<meta property=\"article:publisher\" content=\"https:\/\/www.facebook.com\/fokusmbklaster\" \/>\n<meta property=\"article:modified_time\" content=\"2026-02-10T09:20:38+00:00\" \/>\n<meta property=\"og:image\" content=\"https:\/\/www.fokus-mb-sro.cz\/klasterweb\/wp-content\/uploads\/2025\/04\/KLAST-svatby.jpg\" \/>\n\t<meta property=\"og:image:width\" content=\"1000\" \/>\n\t<meta property=\"og:image:height\" content=\"556\" \/>\n\t<meta property=\"og:image:type\" content=\"image\/jpeg\" \/>\n<meta name=\"twitter:card\" content=\"summary_large_image\" \/>\n<meta name=\"twitter:label1\" content=\"Odhadovan\u00e1 doba \u010dten\u00ed\" \/>\n\t<meta name=\"twitter:data1\" content=\"1 minuta\" \/>\n<script type=\"application\/ld+json\" class=\"yoast-schema-graph\">{\"@context\":\"https:\\\/\\\/schema.org\",\"@graph\":[{\"@type\":\"WebPage\",\"@id\":\"https:\\\/\\\/www.fokus-mb-sro.cz\\\/klasterweb\\\/svatby\\\/\",\"url\":\"https:\\\/\\\/www.fokus-mb-sro.cz\\\/klasterweb\\\/svatby\\\/\",\"name\":\"Ubytov&aacute;n&iacute; Kapuc&iacute;nsk&yacute; kl&aacute;&scaron;ter Mnichovo Hradi&scaron;t\u011b - Svatby\",\"isPartOf\":{\"@id\":\"https:\\\/\\\/www.fokus-mb-sro.cz\\\/klasterweb\\\/#website\"},\"primaryImageOfPage\":{\"@id\":\"https:\\\/\\\/www.fokus-mb-sro.cz\\\/klasterweb\\\/svatby\\\/#primaryimage\"},\"image\":{\"@id\":\"https:\\\/\\\/www.fokus-mb-sro.cz\\\/klasterweb\\\/svatby\\\/#primaryimage\"},\"thumbnailUrl\":\"https:\\\/\\\/www.fokus-mb-sro.cz\\\/klasterweb\\\/wp-content\\\/uploads\\\/2025\\\/04\\\/KLAST-svatby.jpg\",\"datePublished\":\"2024-12-03T07:46:08+00:00\",\"dateModified\":\"2026-02-10T09:20:38+00:00\",\"description\":\"Nov\u011b nab\u00edz\u00edme mo\u017enost svateb v na\u0161em Kapuc\u00ednsk\u00e9m kl\u00e1\u0161te\u0159e v malebn\u00e9 \u010d\u00e1sti okraje Mnichova Hradi\u0161t\u011b. Po kliknut\u00ed se dozv\u00edte v\u00edce informac\u00ed.\",\"breadcrumb\":{\"@id\":\"https:\\\/\\\/www.fokus-mb-sro.cz\\\/klasterweb\\\/svatby\\\/#breadcrumb\"},\"inLanguage\":\"cs\",\"potentialAction\":[{\"@type\":\"ReadAction\",\"target\":[\"https:\\\/\\\/www.fokus-mb-sro.cz\\\/klasterweb\\\/svatby\\\/\"]}]},{\"@type\":\"ImageObject\",\"inLanguage\":\"cs\",\"@id\":\"https:\\\/\\\/www.fokus-mb-sro.cz\\\/klasterweb\\\/svatby\\\/#primaryimage\",\"url\":\"https:\\\/\\\/www.fokus-mb-sro.cz\\\/klasterweb\\\/wp-content\\\/uploads\\\/2025\\\/04\\\/KLAST-svatby.jpg\",\"contentUrl\":\"https:\\\/\\\/www.fokus-mb-sro.cz\\\/klasterweb\\\/wp-content\\\/uploads\\\/2025\\\/04\\\/KLAST-svatby.jpg\",\"width\":1000,\"height\":556},{\"@type\":\"BreadcrumbList\",\"@id\":\"https:\\\/\\\/www.fokus-mb-sro.cz\\\/klasterweb\\\/svatby\\\/#breadcrumb\",\"itemListElement\":[{\"@type\":\"ListItem\",\"position\":1,\"name\":\"Dom\u016f\",\"item\":\"https:\\\/\\\/www.fokus-mb-sro.cz\\\/klasterweb\\\/\"},{\"@type\":\"ListItem\",\"position\":2,\"name\":\"Svatby\"}]},{\"@type\":\"WebSite\",\"@id\":\"https:\\\/\\\/www.fokus-mb-sro.cz\\\/klasterweb\\\/#website\",\"url\":\"https:\\\/\\\/www.fokus-mb-sro.cz\\\/klasterweb\\\/\",\"name\":\"Kapuc\u00ednsk\u00fd kl\u00e1\u0161ter Mnichovo Hradi\u0161t\u011b\",\"description\":\"Ubytovac&iacute; a kulturn&iacute; z&aacute;zem&iacute; v malebn&eacute; \u010d&aacute;sti okraje Mnichova Hradi&scaron;t\u011b.\",\"publisher\":{\"@id\":\"https:\\\/\\\/www.fokus-mb-sro.cz\\\/klasterweb\\\/#organization\"},\"alternateName\":\"Kapuc\u00ednsk\u00fd Kl\u00e1\u0161ter MH\",\"potentialAction\":[{\"@type\":\"SearchAction\",\"target\":{\"@type\":\"EntryPoint\",\"urlTemplate\":\"https:\\\/\\\/www.fokus-mb-sro.cz\\\/klasterweb\\\/?s={search_term_string}\"},\"query-input\":{\"@type\":\"PropertyValueSpecification\",\"valueRequired\":true,\"valueName\":\"search_term_string\"}}],\"inLanguage\":\"cs\"},{\"@type\":\"Organization\",\"@id\":\"https:\\\/\\\/www.fokus-mb-sro.cz\\\/klasterweb\\\/#organization\",\"name\":\"Fokus MB s.r.o.\",\"alternateName\":\"Fokus MB\",\"url\":\"https:\\\/\\\/www.fokus-mb-sro.cz\\\/klasterweb\\\/\",\"logo\":{\"@type\":\"ImageObject\",\"inLanguage\":\"cs\",\"@id\":\"https:\\\/\\\/www.fokus-mb-sro.cz\\\/klasterweb\\\/#\\\/schema\\\/logo\\\/image\\\/\",\"url\":\"https:\\\/\\\/www.fokus-mb-sro.cz\\\/klasterweb\\\/wp-content\\\/uploads\\\/2025\\\/04\\\/fokusmbsro-googlesearch.jpg\",\"contentUrl\":\"https:\\\/\\\/www.fokus-mb-sro.cz\\\/klasterweb\\\/wp-content\\\/uploads\\\/2025\\\/04\\\/fokusmbsro-googlesearch.jpg\",\"width\":512,\"height\":512,\"caption\":\"Fokus MB s.r.o.\"},\"image\":{\"@id\":\"https:\\\/\\\/www.fokus-mb-sro.cz\\\/klasterweb\\\/#\\\/schema\\\/logo\\\/image\\\/\"},\"sameAs\":[\"https:\\\/\\\/www.facebook.com\\\/fokusmbklaster\",\"https:\\\/\\\/www.instagram.com\\\/kapucinskyklastermh\\\/\"]}]}<\/script>\n<!-- \/ Yoast SEO plugin. -->","yoast_head_json":{"title":"Ubytov&aacute;n&iacute; Kapuc&iacute;nsk&yacute; kl&aacute;&scaron;ter Mnichovo Hradi&scaron;t\u011b - Svatby","description":"Nov\u011b nab\u00edz\u00edme mo\u017enost svateb v na\u0161em Kapuc\u00ednsk\u00e9m kl\u00e1\u0161te\u0159e v malebn\u00e9 \u010d\u00e1sti okraje Mnichova Hradi\u0161t\u011b. Po kliknut\u00ed se dozv\u00edte v\u00edce informac\u00ed.","robots":{"index":"index","follow":"follow","max-snippet":"max-snippet:-1","max-image-preview":"max-image-preview:large","max-video-preview":"max-video-preview:-1"},"canonical":"https:\/\/www.fokus-mb-sro.cz\/klasterweb\/svatby\/","og_locale":"cs_CZ","og_type":"article","og_title":"Ubytov&aacute;n&iacute; Kapuc&iacute;nsk&yacute; kl&aacute;&scaron;ter Mnichovo Hradi&scaron;t\u011b - Svatby","og_description":"Nov\u011b nab\u00edz\u00edme mo\u017enost svateb v na\u0161em Kapuc\u00ednsk\u00e9m kl\u00e1\u0161te\u0159e v malebn\u00e9 \u010d\u00e1sti okraje Mnichova Hradi\u0161t\u011b. Po kliknut\u00ed se dozv\u00edte v\u00edce informac\u00ed.","og_url":"https:\/\/www.fokus-mb-sro.cz\/klasterweb\/svatby\/","og_site_name":"Ubytov&aacute;n&iacute; Kapuc&iacute;nsk&yacute; kl&aacute;&scaron;ter Mnichovo Hradi&scaron;t\u011b","article_publisher":"https:\/\/www.facebook.com\/fokusmbklaster","article_modified_time":"2026-02-10T09:20:38+00:00","og_image":[{"width":1000,"height":556,"url":"https:\/\/www.fokus-mb-sro.cz\/klasterweb\/wp-content\/uploads\/2025\/04\/KLAST-svatby.jpg","type":"image\/jpeg"}],"twitter_card":"summary_large_image","twitter_misc":{"Odhadovan\u00e1 doba \u010dten\u00ed":"1 minuta"},"schema":{"@context":"https:\/\/schema.org","@graph":[{"@type":"WebPage","@id":"https:\/\/www.fokus-mb-sro.cz\/klasterweb\/svatby\/","url":"https:\/\/www.fokus-mb-sro.cz\/klasterweb\/svatby\/","name":"Ubytov&aacute;n&iacute; Kapuc&iacute;nsk&yacute; kl&aacute;&scaron;ter Mnichovo Hradi&scaron;t\u011b - Svatby","isPartOf":{"@id":"https:\/\/www.fokus-mb-sro.cz\/klasterweb\/#website"},"primaryImageOfPage":{"@id":"https:\/\/www.fokus-mb-sro.cz\/klasterweb\/svatby\/#primaryimage"},"image":{"@id":"https:\/\/www.fokus-mb-sro.cz\/klasterweb\/svatby\/#primaryimage"},"thumbnailUrl":"https:\/\/www.fokus-mb-sro.cz\/klasterweb\/wp-content\/uploads\/2025\/04\/KLAST-svatby.jpg","datePublished":"2024-12-03T07:46:08+00:00","dateModified":"2026-02-10T09:20:38+00:00","description":"Nov\u011b nab\u00edz\u00edme mo\u017enost svateb v na\u0161em Kapuc\u00ednsk\u00e9m kl\u00e1\u0161te\u0159e v malebn\u00e9 \u010d\u00e1sti okraje Mnichova Hradi\u0161t\u011b. Po kliknut\u00ed se dozv\u00edte v\u00edce informac\u00ed.","breadcrumb":{"@id":"https:\/\/www.fokus-mb-sro.cz\/klasterweb\/svatby\/#breadcrumb"},"inLanguage":"cs","potentialAction":[{"@type":"ReadAction","target":["https:\/\/www.fokus-mb-sro.cz\/klasterweb\/svatby\/"]}]},{"@type":"ImageObject","inLanguage":"cs","@id":"https:\/\/www.fokus-mb-sro.cz\/klasterweb\/svatby\/#primaryimage","url":"https:\/\/www.fokus-mb-sro.cz\/klasterweb\/wp-content\/uploads\/2025\/04\/KLAST-svatby.jpg","contentUrl":"https:\/\/www.fokus-mb-sro.cz\/klasterweb\/wp-content\/uploads\/2025\/04\/KLAST-svatby.jpg","width":1000,"height":556},{"@type":"BreadcrumbList","@id":"https:\/\/www.fokus-mb-sro.cz\/klasterweb\/svatby\/#breadcrumb","itemListElement":[{"@type":"ListItem","position":1,"name":"Dom\u016f","item":"https:\/\/www.fokus-mb-sro.cz\/klasterweb\/"},{"@type":"ListItem","position":2,"name":"Svatby"}]},{"@type":"WebSite","@id":"https:\/\/www.fokus-mb-sro.cz\/klasterweb\/#website","url":"https:\/\/www.fokus-mb-sro.cz\/klasterweb\/","name":"Kapuc\u00ednsk\u00fd kl\u00e1\u0161ter Mnichovo Hradi\u0161t\u011b","description":"Ubytovac&iacute; a kulturn&iacute; z&aacute;zem&iacute; v malebn&eacute; \u010d&aacute;sti okraje Mnichova Hradi&scaron;t\u011b.","publisher":{"@id":"https:\/\/www.fokus-mb-sro.cz\/klasterweb\/#organization"},"alternateName":"Kapuc\u00ednsk\u00fd Kl\u00e1\u0161ter MH","potentialAction":[{"@type":"SearchAction","target":{"@type":"EntryPoint","urlTemplate":"https:\/\/www.fokus-mb-sro.cz\/klasterweb\/?s={search_term_string}"},"query-input":{"@type":"PropertyValueSpecification","valueRequired":true,"valueName":"search_term_string"}}],"inLanguage":"cs"},{"@type":"Organization","@id":"https:\/\/www.fokus-mb-sro.cz\/klasterweb\/#organization","name":"Fokus MB s.r.o.","alternateName":"Fokus MB","url":"https:\/\/www.fokus-mb-sro.cz\/klasterweb\/","logo":{"@type":"ImageObject","inLanguage":"cs","@id":"https:\/\/www.fokus-mb-sro.cz\/klasterweb\/#\/schema\/logo\/image\/","url":"https:\/\/www.fokus-mb-sro.cz\/klasterweb\/wp-content\/uploads\/2025\/04\/fokusmbsro-googlesearch.jpg","contentUrl":"https:\/\/www.fokus-mb-sro.cz\/klasterweb\/wp-content\/uploads\/2025\/04\/fokusmbsro-googlesearch.jpg","width":512,"height":512,"caption":"Fokus MB s.r.o."},"image":{"@id":"https:\/\/www.fokus-mb-sro.cz\/klasterweb\/#\/schema\/logo\/image\/"},"sameAs":["https:\/\/www.facebook.com\/fokusmbklaster","https:\/\/www.instagram.com\/kapucinskyklastermh\/"]}]}},"_links":{"self":[{"href":"https:\/\/www.fokus-mb-sro.cz\/klasterweb\/wp-json\/wp\/v2\/pages\/3706","targetHints":{"allow":["GET"]}}],"collection":[{"href":"https:\/\/www.fokus-mb-sro.cz\/klasterweb\/wp-json\/wp\/v2\/pages"}],"about":[{"href":"https:\/\/www.fokus-mb-sro.cz\/klasterweb\/wp-json\/wp\/v2\/types\/page"}],"author":[{"embeddable":true,"href":"https:\/\/www.fokus-mb-sro.cz\/klasterweb\/wp-json\/wp\/v2\/users\/1"}],"replies":[{"embeddable":true,"href":"https:\/\/www.fokus-mb-sro.cz\/klasterweb\/wp-json\/wp\/v2\/comments?post=3706"}],"version-history":[{"count":31,"href":"https:\/\/www.fokus-mb-sro.cz\/klasterweb\/wp-json\/wp\/v2\/pages\/3706\/revisions"}],"predecessor-version":[{"id":3966,"href":"https:\/\/www.fokus-mb-sro.cz\/klasterweb\/wp-json\/wp\/v2\/pages\/3706\/revisions\/3966"}],"wp:featuredmedia":[{"embeddable":true,"href":"https:\/\/www.fokus-mb-sro.cz\/klasterweb\/wp-json\/wp\/v2\/media\/3831"}],"wp:attachment":[{"href":"https:\/\/www.fokus-mb-sro.cz\/klasterweb\/wp-json\/wp\/v2\/media?parent=3706"}],"curies":[{"name":"wp","href":"https:\/\/api.w.org\/{rel}","templated":true}]}}