{"id":3968,"date":"2026-02-23T08:56:36","date_gmt":"2026-02-23T08:56:36","guid":{"rendered":"https:\/\/www.fokus-mb-sro.cz\/klasterweb\/?page_id=3968"},"modified":"2026-02-23T09:50:19","modified_gmt":"2026-02-23T09:50:19","slug":"catering","status":"publish","type":"page","link":"https:\/\/www.fokus-mb-sro.cz\/klasterweb\/catering\/","title":{"rendered":"Catering"},"content":{"rendered":"\n<div class=\"wp-block-columns has-background-color has-text-color has-link-color wp-elements-00beb7e8e14be2c0282f5e3387c02e50 is-layout-flex wp-container-core-columns-is-layout-28f84493 wp-block-columns-is-layout-flex\">\n<div class=\"wp-block-column is-vertically-aligned-top has-background-color has-text-color has-link-color wp-elements-dadcef4df55094de3d83fa6a94958253 is-layout-flow wp-block-column-is-layout-flow\" style=\"flex-basis:50%\">\n<div class=\"wp-block-cover is-light has-parallax kapka-blob-doleva-sekce\" style=\"min-height:677px;aspect-ratio:unset;\" id=\"snidane\"><div class=\"wp-block-cover__image-background wp-image-3980 size-large has-parallax\" style=\"background-position:50% 50%;background-image:url(https:\/\/www.fokus-mb-sro.cz\/klasterweb\/wp-content\/uploads\/2023\/10\/9d1b76a7-8d35-4786-84d8-06439ac1c325-1024x576.jpg)\"><\/div><span aria-hidden=\"true\" class=\"wp-block-cover__background has-primary-background-color has-background-dim-80 has-background-dim\"><\/span><div class=\"wp-block-cover__inner-container is-layout-constrained wp-block-cover-is-layout-constrained\">\n<h2 class=\"wp-block-heading has-text-align-center nadpis-blob text-snidane has-background-color has-text-color has-link-color has-large-font-size wp-elements-e37314246029d55ccbad264f1b98be1c\" id=\"snidanova-menu\">Jednoduchost a&nbsp;dostupnost klasiky<\/h2>\n\n\n\n<div style=\"height:34px\" aria-hidden=\"true\" class=\"wp-block-spacer\"><\/div>\n\n\n\n<hr class=\"wp-block-separator has-text-color has-background-color has-alpha-channel-opacity has-background-background-color has-background oddelovac-snidane\" style=\"margin-top:0;margin-bottom:0\"\/>\n\n\n\n<div style=\"height:34px\" aria-hidden=\"true\" class=\"wp-block-spacer\"><\/div>\n\n\n\n<div class=\"wp-block-group text-snidane has-background-color has-text-color has-link-color wp-elements-71323ff7e2d4523e7cc8b0aa3b536346 is-layout-constrained wp-block-group-is-layout-constrained\">\n<p><mark style=\"background-color:rgba(0, 0, 0, 0)\" class=\"has-inline-color has-background-color\">Na\u0161e nab\u00eddka se&nbsp;sest\u00e1v\u00e1 z&nbsp;jednoduch\u00fdch, zn\u00e1m\u00fdch a&nbsp;osv\u011bd\u010den\u00fdch ingredienc\u00ed. Pokud hled\u00e1te poho\u0161t\u011bn\u00ed pln\u00e9 s\u00fdr\u016f, sal\u00e1m\u016f, ovoce a&nbsp;zeleniny, jste na&nbsp;spr\u00e1vn\u00e9 adrese! <\/mark><\/p>\n\n\n\n<p><mark style=\"background-color:rgba(0, 0, 0, 0)\" class=\"has-inline-color has-background-color\">Oblo\u017een\u00e9 m\u00edsy, grilovan\u00e1 k\u00fdta, XXL klob\u00e1sy z&nbsp;grilu, dom\u00e1c\u00ed pol\u00e9vky, vo\u0148av\u00e9 b\u00e1bovky, kol\u00e1\u010de, sva\u0159\u00e1k, medovina a&nbsp;mnoho dal\u0161\u00edho. To v\u0161e nab\u00edz\u00edme na&nbsp;oslavy, svatby, obecn\u00ed akce, firemn\u00ed ve\u010d\u00edrky. Jsme schopni zajistit ob\u010derstven\u00ed pro&nbsp;celou akci od&nbsp;piva, v\u00edna, medoviny, nealko n\u00e1poj\u016f p\u0159es&nbsp;gril s&nbsp;k\u00fdtou, klob\u00e1sami, pol\u00e9vkou a\u017e po&nbsp;kol\u00e1\u010de, b\u00e1bovky a&nbsp;dom\u00e1c\u00ed sekanou. Jednoduch\u00e1 domluva, p\u0159\u00edzniv\u00e9 ceny, \u017e\u00e1dn\u00e9 platby za&nbsp;v\u011bci, kter\u00e9 si neobjedn\u00e1te.<\/mark><\/p>\n\n\n\n<p class=\"has-text-align-center has-large-font-size\"><strong><a href=\"https:\/\/www.fusievents.cz\/\" target=\"_blank\" rel=\"noreferrer noopener\">www.fusievents.cz<\/a><\/strong><\/p>\n<\/div>\n<\/div><\/div>\n<\/div>\n\n\n\n<div class=\"wp-block-column is-layout-flow wp-block-column-is-layout-flow\" style=\"flex-basis:50%\">\n<div class=\"wp-block-cover is-light kapka-blob-fotka-vpravo carousel2\" style=\"min-height:438px;aspect-ratio:unset;\"><span aria-hidden=\"true\" class=\"wp-block-cover__background has-primary-background-color has-background-dim-100 has-background-dim\"><\/span><div class=\"wp-block-cover__inner-container is-layout-flow wp-block-cover-is-layout-flow\">\n<div class=\"wp-block-group carousel is-layout-constrained wp-block-group-is-layout-constrained\"><div class=\"carousel-slider-outer carousel-slider-outer-image-carousel carousel-slider-outer-3969 swiper navigation-visibility-always navigation-position-inside pagination-visibility-never pagination-shape-circle pagination-align-center\" style=\"--carousel-slider-nav-color:#f1f1f1;--carousel-slider-active-nav-color:rgb(16,179,179);--carousel-slider-arrow-size:72px;--carousel-slider-bullet-size:10px;--swiper-theme-color:#f1f1f1;--swiper-navigation-size:72px;--swiper-pagination-bullet-size:10px\">\n<div id=\"&#039;id-3969\" class=\"carousel-slider carousel-slider-3969 arrows-visibility-always dots-visibility-never arrows-inside dots-center dots-circle swiper-wrapper\" data-slide-type=\"image-carousel\" data-swiper='{\"navigation\":{\"nextEl\":\".swiper-button-next\",\"prevEl\":\".swiper-button-prev\"},\"pagination\":false,\"direction\":\"horizontal\",\"loop\":true,\"slidesOffsetBefore\":0,\"slidesOffsetAfter\":0,\"speed\":500,\"spaceBetween\":2,\"slidesPerView\":1,\"breakpoints\":{\"300\":{\"slidesPerView\":1},\"576\":{\"slidesPerView\":1},\"768\":{\"slidesPerView\":1},\"1024\":{\"slidesPerView\":1},\"1280\":{\"slidesPerView\":1},\"1536\":{\"slidesPerView\":1}},\"lazy\":{\"loadPrevNext\":true},\"preloadImages\":false}'>\n<div class=\"swiper-slide\"><div class=\"carousel-slider__item\">\n\t<img decoding=\"async\" src=\"https:\/\/www.fokus-mb-sro.cz\/klasterweb\/wp-content\/uploads\/2026\/02\/df0eafdb-8a80-4127-965b-7afea9f53f9a-e1771838049110-1024x1024.jpg\" loading=\"lazy\" alt=\"\"><\/a><div class=\"swiper-lazy-preloader swiper-lazy-preloader-white\"><\/div><\/div>\n<\/div>\n<div class=\"swiper-slide\"><div class=\"carousel-slider__item\">\n\t<img decoding=\"async\" src=\"https:\/\/www.fokus-mb-sro.cz\/klasterweb\/wp-content\/uploads\/2026\/02\/dbe34358-74a1-45ea-8f2d-3a5cd8c6abd8-e1771838024902-1024x1020.jpg\" loading=\"lazy\" alt=\"\"><\/a><div class=\"swiper-lazy-preloader swiper-lazy-preloader-white\"><\/div><\/div>\n<\/div>\n<div class=\"swiper-slide\"><div class=\"carousel-slider__item\">\n\t<img decoding=\"async\" src=\"https:\/\/www.fokus-mb-sro.cz\/klasterweb\/wp-content\/uploads\/2026\/02\/7995255e-f29e-4555-88aa-9b8f062d4402-e1771838000720-1024x1024.jpg\" loading=\"lazy\" alt=\"\"><\/a><div class=\"swiper-lazy-preloader swiper-lazy-preloader-white\"><\/div><\/div>\n<\/div>\n<div class=\"swiper-slide\"><div class=\"carousel-slider__item\">\n\t<img decoding=\"async\" src=\"https:\/\/www.fokus-mb-sro.cz\/klasterweb\/wp-content\/uploads\/2026\/02\/9d1b76a7-8d35-4786-84d8-06439ac1c325-e1771837924376-1022x1024.jpg\" loading=\"lazy\" alt=\"\"><\/a><div class=\"swiper-lazy-preloader swiper-lazy-preloader-white\"><\/div><\/div>\n<\/div>\n<div class=\"swiper-slide\"><div class=\"carousel-slider__item\">\n\t<img decoding=\"async\" src=\"https:\/\/www.fokus-mb-sro.cz\/klasterweb\/wp-content\/uploads\/2026\/02\/4e74aa7d-d939-432c-b12d-840772e3eebc-e1771837900495-1024x1022.jpg\" loading=\"lazy\" alt=\"\"><\/a><div class=\"swiper-lazy-preloader swiper-lazy-preloader-white\"><\/div><\/div>\n<\/div>\n<div class=\"swiper-slide\"><div class=\"carousel-slider__item\">\n\t<img decoding=\"async\" src=\"https:\/\/www.fokus-mb-sro.cz\/klasterweb\/wp-content\/uploads\/2026\/02\/4b5642b1-132d-4e47-aac1-44c44427d80e-e1771837866491-1024x1024.jpg\" loading=\"lazy\" alt=\"\"><\/a><div class=\"swiper-lazy-preloader swiper-lazy-preloader-white\"><\/div><\/div>\n<\/div>\n<div class=\"swiper-slide\"><div class=\"carousel-slider__item\">\n\t<img decoding=\"async\" src=\"https:\/\/www.fokus-mb-sro.cz\/klasterweb\/wp-content\/uploads\/2026\/02\/strom2.jpg\" loading=\"lazy\" alt=\"\"><\/a><div class=\"swiper-lazy-preloader swiper-lazy-preloader-white\"><\/div><\/div>\n<\/div>\n<\/div><!-- .carousel-slider-3969 -->\n<div class=\"swiper-button-prev\"><\/div><div class=\"swiper-button-next\"><\/div><\/div><!-- .carousel-slider-outer-3969 -->\n\n<\/div>\n<\/div><\/div>\n<\/div>\n<\/div>\n\n\n\n<div style=\"height:34px\" aria-hidden=\"true\" class=\"wp-block-spacer\"><\/div>\n\n\n\n<hr class=\"wp-block-separator has-alpha-channel-opacity is-style-wide\"\/>\n\n\n\n<div style=\"height:34px\" aria-hidden=\"true\" class=\"wp-block-spacer\"><\/div>\n\n\n\n<h1 class=\"wp-block-heading has-text-align-center\" id=\"kontakt\" style=\"font-size:32px\">Kontaktujte n\u00e1s<\/h1>\n\n\n\n<div style=\"height:50px\" aria-hidden=\"true\" class=\"wp-block-spacer\"><\/div>\n\n\n\n<div class=\"wp-block-columns sloupce-kontakt is-layout-flex wp-container-core-columns-is-layout-28f84493 wp-block-columns-is-layout-flex\">\n<div class=\"wp-block-column is-layout-flow wp-block-column-is-layout-flow\" style=\"flex-basis:50%\">\n<div class=\"wp-block-cover is-light kapka-blob-kontakt-vlevo has-foreground-color has-text-color has-link-color wp-elements-4d72a3b900623a3741089288ecd84d14\" style=\"border-style:none;border-width:0px;margin-top:0;margin-bottom:0;min-height:466px;aspect-ratio:unset;\"><span aria-hidden=\"true\" class=\"wp-block-cover__background has-background-dim-100 has-background-dim\" style=\"background-color:#10b3b3\"><\/span><div class=\"wp-block-cover__inner-container is-layout-constrained wp-block-cover-is-layout-constrained\">\n<h3 class=\"wp-block-heading has-text-align-center has-background-color has-text-color has-link-color has-large-font-size wp-elements-fab1db4bb67a8f5c58c32170e6dc93cf\">Zaujali jsme V\u00e1s?<\/h3>\n\n\n\n<div style=\"height:34px\" aria-hidden=\"true\" class=\"wp-block-spacer\"><\/div>\n\n\n\n<hr class=\"wp-block-separator has-text-color has-background-color has-alpha-channel-opacity has-background-background-color has-background\"\/>\n\n\n\n<div style=\"height:34px\" aria-hidden=\"true\" class=\"wp-block-spacer\"><\/div>\n\n\n\n<div class=\"wp-block-group is-layout-constrained wp-block-group-is-layout-constrained\">\n<p class=\"has-text-align-center has-background-color has-text-color has-link-color wp-elements-68f10702ae2910f04036d33657315ed5\">Nev\u00e1hejte n\u00e1s kontaktovat skrze formul\u00e1\u0159,<\/p>\n\n\n\n<p class=\"has-text-align-center has-background-color has-text-color has-link-color wp-elements-67527aea03bee561f3c698a2d7327601\">nebo vyu\u017e\u00edt n\u00e1\u0161 <a href=\"https:\/\/www.fokus-mb-sro.cz\/klasterweb\/rezervacni-system#rezervace-nadpis\"><strong>rezerva\u010dn\u00ed syst\u00e9m<\/strong><\/a>. <\/p>\n<\/div>\n<\/div><\/div>\n<\/div>\n\n\n\n<div class=\"wp-block-column is-layout-flow wp-block-column-is-layout-flow\" style=\"flex-basis:50%\">\n<div class=\"wp-block-cover is-light kapka-blob-kontakt-vpravo\" id=\"kontaktni-formular\"><span aria-hidden=\"true\" class=\"wp-block-cover__background has-background-background-color has-background-dim-100 has-background-dim\"><\/span><div class=\"wp-block-cover__inner-container is-layout-constrained wp-block-cover-is-layout-constrained\"><style id=\"wpforms-css-vars-1238-block-0007c127-c17d-4043-a5a1-50aa82b04ee2\">\n\t\t\t\t#wpforms-1238.wpforms-block-0007c127-c17d-4043-a5a1-50aa82b04ee2 {\n\t\t\t\t--wpforms-field-border-radius: 15px;\n--wpforms-field-border-color: #000000;\n--wpforms-field-border-color-spare: #000000;\n--wpforms-button-border-radius: 25px;\n--wpforms-button-background-color: #10b3b3;\n--wpforms-field-size-input-height: 31px;\n--wpforms-field-size-input-spacing: 10px;\n--wpforms-field-size-font-size: 14px;\n--wpforms-field-size-line-height: 17px;\n--wpforms-field-size-padding-h: 9px;\n--wpforms-field-size-checkbox-size: 14px;\n--wpforms-field-size-sublabel-spacing: 5px;\n--wpforms-field-size-icon-size: 0.75;\n--wpforms-label-size-font-size: 16px;\n--wpforms-label-size-line-height: 19px;\n--wpforms-label-size-sublabel-font-size: 14px;\n--wpforms-label-size-sublabel-line-height: 17px;\n--wpforms-button-size-font-size: 14px;\n--wpforms-button-size-height: 37px;\n--wpforms-button-size-padding-h: 15px;\n--wpforms-button-size-margin-top: 5px;\n\t\t\t}\n\t\t\t<\/style><div class=\"wpforms-container wpforms-container-full formular wpforms-block wpforms-block-0007c127-c17d-4043-a5a1-50aa82b04ee2 wpforms-render-modern\" id=\"wpforms-1238\"><form id=\"wpforms-form-1238\" class=\"wpforms-validate wpforms-form wpforms-ajax-form\" data-formid=\"1238\" method=\"post\" enctype=\"multipart\/form-data\" action=\"\/klasterweb\/wp-json\/wp\/v2\/pages\/3968\" data-token=\"03dddabbb9019939a5e97e31afd56d3a\" data-token-time=\"1776709622\"><noscript class=\"wpforms-error-noscript\">Chcete-li vyplnit tento formul\u00e1\u0159, pros\u00edm povolte v&nbsp;prohl\u00ed\u017ee\u010di JavaScript.<\/noscript><div id=\"wpforms-error-noscript\" style=\"display: none;\">Chcete-li vyplnit tento formul\u00e1\u0159, pros\u00edm povolte v&nbsp;prohl\u00ed\u017ee\u010di JavaScript.<\/div><div class=\"wpforms-field-container\"><div id=\"wpforms-1238-field_0-container\" class=\"wpforms-field wpforms-field-name formular\" data-field-id=\"0\"><fieldset><legend class=\"wpforms-field-label\">Jm\u00e9no <span class=\"wpforms-required-label\" aria-hidden=\"true\">*<\/span><\/legend><div class=\"wpforms-field-row wpforms-field-medium\"><div class=\"wpforms-field-row-block wpforms-first wpforms-one-half\"><input type=\"text\" id=\"wpforms-1238-field_0\" class=\"wpforms-field-name-first wpforms-field-required\" name=\"wpforms[fields][0][first]\" aria-errormessage=\"wpforms-1238-field_0-error\" required><label for=\"wpforms-1238-field_0\" class=\"wpforms-field-sublabel after\">K\u0159estn\u00ed jm\u00e9no<\/label><\/div><div class=\"wpforms-field-row-block wpforms-one-half\"><input type=\"text\" id=\"wpforms-1238-field_0-last\" class=\"wpforms-field-name-last wpforms-field-required\" name=\"wpforms[fields][0][last]\" aria-errormessage=\"wpforms-1238-field_0-last-error\" required><label for=\"wpforms-1238-field_0-last\" class=\"wpforms-field-sublabel after\">P\u0159\u00edjmen\u00ed<\/label><\/div><\/div><\/fieldset><\/div><div id=\"wpforms-1238-field_1-container\" class=\"wpforms-field wpforms-field-email formular\" data-field-id=\"1\"><label class=\"wpforms-field-label\" for=\"wpforms-1238-field_1\">E-mail <span class=\"wpforms-required-label\" aria-hidden=\"true\">*<\/span><\/label><input type=\"email\" id=\"wpforms-1238-field_1\" class=\"wpforms-field-medium wpforms-field-required\" name=\"wpforms[fields][1]\" spellcheck=\"false\" aria-errormessage=\"wpforms-1238-field_1-error\" required><\/div><div id=\"wpforms-1238-field_3-container\" class=\"wpforms-field wpforms-field-text formular\" data-field-id=\"3\"><label class=\"wpforms-field-label\" for=\"wpforms-1238-field_3\">Telefonn\u00ed \u010d\u00edslo (s p\u0159edvolbou) <span class=\"wpforms-required-label\" aria-hidden=\"true\">*<\/span><\/label><input type=\"text\" id=\"wpforms-1238-field_3\" class=\"wpforms-field-small wpforms-field-required wpforms-limit-characters-enabled\" data-form-id=\"1238\" data-field-id=\"3\" data-text-limit=\"13\" name=\"wpforms[fields][3]\" value=\"+420\" aria-errormessage=\"wpforms-1238-field_3-error\" maxlength=\"13\" required><\/div><div id=\"wpforms-1238-field_2-container\" class=\"wpforms-field wpforms-field-textarea individualni-text formular\" data-field-id=\"2\"><label class=\"wpforms-field-label\" for=\"wpforms-1238-field_2\">Zpr\u00e1va <span class=\"wpforms-required-label\" aria-hidden=\"true\">*<\/span><\/label><textarea id=\"wpforms-1238-field_2\" class=\"wpforms-field-medium wpforms-field-required\" name=\"wpforms[fields][2]\" aria-errormessage=\"wpforms-1238-field_2-error\" required><\/textarea><\/div><\/div><!-- .wpforms-field-container --><div class=\"wpforms-submit-container\" ><input type=\"hidden\" name=\"wpforms[id]\" value=\"1238\"><input type=\"hidden\" name=\"page_title\" value=\"\"><input type=\"hidden\" name=\"page_url\" value=\"https:\/\/www.fokus-mb-sro.cz\/klasterweb\/wp-json\/wp\/v2\/pages\/3968\"><input type=\"hidden\" name=\"url_referer\" value=\"\"><button type=\"submit\" name=\"wpforms[submit]\" id=\"wpforms-submit-1238\" class=\"wpforms-submit\" data-alt-text=\"Odes\u00edl\u00e1ni...\" data-submit-text=\"Odeslat\" aria-live=\"assertive\" value=\"wpforms-submit\">Odeslat<\/button><img loading=\"lazy\" decoding=\"async\" src=\"https:\/\/www.fokus-mb-sro.cz\/klasterweb\/wp-content\/plugins\/wpforms-lite\/assets\/images\/submit-spin.svg\" class=\"wpforms-submit-spinner\" style=\"display: none;\" width=\"26\" height=\"26\" alt=\"Na\u010d\u00edt\u00e1n\u00ed\"><\/div><\/form><\/div>  <!-- .wpforms-container -->\n\n\n<div style=\"height:25px\" aria-hidden=\"true\" class=\"wp-block-spacer\"><\/div>\n<\/div><\/div>\n<\/div>\n<\/div>\n\n\n\n<div style=\"height:50px\" aria-hidden=\"true\" class=\"wp-block-spacer\"><\/div>\n\n\n\n<hr class=\"wp-block-separator has-alpha-channel-opacity is-style-wide\"\/>\n","protected":false},"excerpt":{"rendered":"<p>Kontaktujte n\u00e1s<\/p>\n","protected":false},"author":1,"featured_media":0,"parent":0,"menu_order":0,"comment_status":"closed","ping_status":"closed","template":"","meta":{"footnotes":""},"class_list":["post-3968","page","type-page","status-publish","hentry"],"yoast_head":"<!-- This site is optimized with the Yoast SEO plugin v27.4 - https:\/\/yoast.com\/product\/yoast-seo-wordpress\/ -->\n<title>Ubytov&aacute;n&iacute; Kapuc&iacute;nsk&yacute; kl&aacute;&scaron;ter Mnichovo Hradi&scaron;t\u011b - Catering<\/title>\n<meta name=\"robots\" content=\"index, follow, max-snippet:-1, max-image-preview:large, max-video-preview:-1\" \/>\n<link rel=\"canonical\" href=\"https:\/\/www.fokus-mb-sro.cz\/klasterweb\/catering\/\" \/>\n<meta property=\"og:locale\" content=\"cs_CZ\" \/>\n<meta property=\"og:type\" content=\"article\" \/>\n<meta property=\"og:title\" content=\"Ubytov&aacute;n&iacute; Kapuc&iacute;nsk&yacute; kl&aacute;&scaron;ter Mnichovo Hradi&scaron;t\u011b - Catering\" \/>\n<meta property=\"og:description\" content=\"Kontaktujte n\u00e1s\" \/>\n<meta property=\"og:url\" content=\"https:\/\/www.fokus-mb-sro.cz\/klasterweb\/catering\/\" \/>\n<meta property=\"og:site_name\" content=\"Ubytov&aacute;n&iacute; Kapuc&iacute;nsk&yacute; kl&aacute;&scaron;ter Mnichovo Hradi&scaron;t\u011b\" \/>\n<meta property=\"article:publisher\" content=\"https:\/\/www.facebook.com\/fokusmbklaster\" \/>\n<meta property=\"article:modified_time\" content=\"2026-02-23T09:50:19+00:00\" \/>\n<meta name=\"twitter:card\" content=\"summary_large_image\" \/>\n<meta name=\"twitter:label1\" content=\"Odhadovan\u00e1 doba \u010dten\u00ed\" \/>\n\t<meta name=\"twitter:data1\" content=\"1 minuta\" \/>\n<script type=\"application\/ld+json\" class=\"yoast-schema-graph\">{\"@context\":\"https:\\\/\\\/schema.org\",\"@graph\":[{\"@type\":\"WebPage\",\"@id\":\"https:\\\/\\\/www.fokus-mb-sro.cz\\\/klasterweb\\\/catering\\\/\",\"url\":\"https:\\\/\\\/www.fokus-mb-sro.cz\\\/klasterweb\\\/catering\\\/\",\"name\":\"Ubytov&aacute;n&iacute; Kapuc&iacute;nsk&yacute; kl&aacute;&scaron;ter Mnichovo Hradi&scaron;t\u011b - Catering\",\"isPartOf\":{\"@id\":\"https:\\\/\\\/www.fokus-mb-sro.cz\\\/klasterweb\\\/#website\"},\"datePublished\":\"2026-02-23T08:56:36+00:00\",\"dateModified\":\"2026-02-23T09:50:19+00:00\",\"breadcrumb\":{\"@id\":\"https:\\\/\\\/www.fokus-mb-sro.cz\\\/klasterweb\\\/catering\\\/#breadcrumb\"},\"inLanguage\":\"cs\",\"potentialAction\":[{\"@type\":\"ReadAction\",\"target\":[\"https:\\\/\\\/www.fokus-mb-sro.cz\\\/klasterweb\\\/catering\\\/\"]}]},{\"@type\":\"BreadcrumbList\",\"@id\":\"https:\\\/\\\/www.fokus-mb-sro.cz\\\/klasterweb\\\/catering\\\/#breadcrumb\",\"itemListElement\":[{\"@type\":\"ListItem\",\"position\":1,\"name\":\"Dom\u016f\",\"item\":\"https:\\\/\\\/www.fokus-mb-sro.cz\\\/klasterweb\\\/\"},{\"@type\":\"ListItem\",\"position\":2,\"name\":\"Catering\"}]},{\"@type\":\"WebSite\",\"@id\":\"https:\\\/\\\/www.fokus-mb-sro.cz\\\/klasterweb\\\/#website\",\"url\":\"https:\\\/\\\/www.fokus-mb-sro.cz\\\/klasterweb\\\/\",\"name\":\"Kapuc\u00ednsk\u00fd kl\u00e1\u0161ter Mnichovo Hradi\u0161t\u011b\",\"description\":\"Ubytovac&iacute; a kulturn&iacute; z&aacute;zem&iacute; v malebn&eacute; \u010d&aacute;sti okraje Mnichova Hradi&scaron;t\u011b.\",\"publisher\":{\"@id\":\"https:\\\/\\\/www.fokus-mb-sro.cz\\\/klasterweb\\\/#organization\"},\"alternateName\":\"Kapuc\u00ednsk\u00fd Kl\u00e1\u0161ter MH\",\"potentialAction\":[{\"@type\":\"SearchAction\",\"target\":{\"@type\":\"EntryPoint\",\"urlTemplate\":\"https:\\\/\\\/www.fokus-mb-sro.cz\\\/klasterweb\\\/?s={search_term_string}\"},\"query-input\":{\"@type\":\"PropertyValueSpecification\",\"valueRequired\":true,\"valueName\":\"search_term_string\"}}],\"inLanguage\":\"cs\"},{\"@type\":\"Organization\",\"@id\":\"https:\\\/\\\/www.fokus-mb-sro.cz\\\/klasterweb\\\/#organization\",\"name\":\"Fokus MB s.r.o.\",\"alternateName\":\"Fokus MB\",\"url\":\"https:\\\/\\\/www.fokus-mb-sro.cz\\\/klasterweb\\\/\",\"logo\":{\"@type\":\"ImageObject\",\"inLanguage\":\"cs\",\"@id\":\"https:\\\/\\\/www.fokus-mb-sro.cz\\\/klasterweb\\\/#\\\/schema\\\/logo\\\/image\\\/\",\"url\":\"https:\\\/\\\/www.fokus-mb-sro.cz\\\/klasterweb\\\/wp-content\\\/uploads\\\/2025\\\/04\\\/fokusmbsro-googlesearch.jpg\",\"contentUrl\":\"https:\\\/\\\/www.fokus-mb-sro.cz\\\/klasterweb\\\/wp-content\\\/uploads\\\/2025\\\/04\\\/fokusmbsro-googlesearch.jpg\",\"width\":512,\"height\":512,\"caption\":\"Fokus MB s.r.o.\"},\"image\":{\"@id\":\"https:\\\/\\\/www.fokus-mb-sro.cz\\\/klasterweb\\\/#\\\/schema\\\/logo\\\/image\\\/\"},\"sameAs\":[\"https:\\\/\\\/www.facebook.com\\\/fokusmbklaster\",\"https:\\\/\\\/www.instagram.com\\\/kapucinskyklastermh\\\/\"]}]}<\/script>\n<!-- \/ Yoast SEO plugin. -->","yoast_head_json":{"title":"Ubytov&aacute;n&iacute; Kapuc&iacute;nsk&yacute; kl&aacute;&scaron;ter Mnichovo Hradi&scaron;t\u011b - Catering","robots":{"index":"index","follow":"follow","max-snippet":"max-snippet:-1","max-image-preview":"max-image-preview:large","max-video-preview":"max-video-preview:-1"},"canonical":"https:\/\/www.fokus-mb-sro.cz\/klasterweb\/catering\/","og_locale":"cs_CZ","og_type":"article","og_title":"Ubytov&aacute;n&iacute; Kapuc&iacute;nsk&yacute; kl&aacute;&scaron;ter Mnichovo Hradi&scaron;t\u011b - Catering","og_description":"Kontaktujte n\u00e1s","og_url":"https:\/\/www.fokus-mb-sro.cz\/klasterweb\/catering\/","og_site_name":"Ubytov&aacute;n&iacute; Kapuc&iacute;nsk&yacute; kl&aacute;&scaron;ter Mnichovo Hradi&scaron;t\u011b","article_publisher":"https:\/\/www.facebook.com\/fokusmbklaster","article_modified_time":"2026-02-23T09:50:19+00:00","twitter_card":"summary_large_image","twitter_misc":{"Odhadovan\u00e1 doba \u010dten\u00ed":"1 minuta"},"schema":{"@context":"https:\/\/schema.org","@graph":[{"@type":"WebPage","@id":"https:\/\/www.fokus-mb-sro.cz\/klasterweb\/catering\/","url":"https:\/\/www.fokus-mb-sro.cz\/klasterweb\/catering\/","name":"Ubytov&aacute;n&iacute; Kapuc&iacute;nsk&yacute; kl&aacute;&scaron;ter Mnichovo Hradi&scaron;t\u011b - Catering","isPartOf":{"@id":"https:\/\/www.fokus-mb-sro.cz\/klasterweb\/#website"},"datePublished":"2026-02-23T08:56:36+00:00","dateModified":"2026-02-23T09:50:19+00:00","breadcrumb":{"@id":"https:\/\/www.fokus-mb-sro.cz\/klasterweb\/catering\/#breadcrumb"},"inLanguage":"cs","potentialAction":[{"@type":"ReadAction","target":["https:\/\/www.fokus-mb-sro.cz\/klasterweb\/catering\/"]}]},{"@type":"BreadcrumbList","@id":"https:\/\/www.fokus-mb-sro.cz\/klasterweb\/catering\/#breadcrumb","itemListElement":[{"@type":"ListItem","position":1,"name":"Dom\u016f","item":"https:\/\/www.fokus-mb-sro.cz\/klasterweb\/"},{"@type":"ListItem","position":2,"name":"Catering"}]},{"@type":"WebSite","@id":"https:\/\/www.fokus-mb-sro.cz\/klasterweb\/#website","url":"https:\/\/www.fokus-mb-sro.cz\/klasterweb\/","name":"Kapuc\u00ednsk\u00fd kl\u00e1\u0161ter Mnichovo Hradi\u0161t\u011b","description":"Ubytovac&iacute; a kulturn&iacute; z&aacute;zem&iacute; v malebn&eacute; \u010d&aacute;sti okraje Mnichova Hradi&scaron;t\u011b.","publisher":{"@id":"https:\/\/www.fokus-mb-sro.cz\/klasterweb\/#organization"},"alternateName":"Kapuc\u00ednsk\u00fd Kl\u00e1\u0161ter MH","potentialAction":[{"@type":"SearchAction","target":{"@type":"EntryPoint","urlTemplate":"https:\/\/www.fokus-mb-sro.cz\/klasterweb\/?s={search_term_string}"},"query-input":{"@type":"PropertyValueSpecification","valueRequired":true,"valueName":"search_term_string"}}],"inLanguage":"cs"},{"@type":"Organization","@id":"https:\/\/www.fokus-mb-sro.cz\/klasterweb\/#organization","name":"Fokus MB s.r.o.","alternateName":"Fokus MB","url":"https:\/\/www.fokus-mb-sro.cz\/klasterweb\/","logo":{"@type":"ImageObject","inLanguage":"cs","@id":"https:\/\/www.fokus-mb-sro.cz\/klasterweb\/#\/schema\/logo\/image\/","url":"https:\/\/www.fokus-mb-sro.cz\/klasterweb\/wp-content\/uploads\/2025\/04\/fokusmbsro-googlesearch.jpg","contentUrl":"https:\/\/www.fokus-mb-sro.cz\/klasterweb\/wp-content\/uploads\/2025\/04\/fokusmbsro-googlesearch.jpg","width":512,"height":512,"caption":"Fokus MB s.r.o."},"image":{"@id":"https:\/\/www.fokus-mb-sro.cz\/klasterweb\/#\/schema\/logo\/image\/"},"sameAs":["https:\/\/www.facebook.com\/fokusmbklaster","https:\/\/www.instagram.com\/kapucinskyklastermh\/"]}]}},"_links":{"self":[{"href":"https:\/\/www.fokus-mb-sro.cz\/klasterweb\/wp-json\/wp\/v2\/pages\/3968","targetHints":{"allow":["GET"]}}],"collection":[{"href":"https:\/\/www.fokus-mb-sro.cz\/klasterweb\/wp-json\/wp\/v2\/pages"}],"about":[{"href":"https:\/\/www.fokus-mb-sro.cz\/klasterweb\/wp-json\/wp\/v2\/types\/page"}],"author":[{"embeddable":true,"href":"https:\/\/www.fokus-mb-sro.cz\/klasterweb\/wp-json\/wp\/v2\/users\/1"}],"replies":[{"embeddable":true,"href":"https:\/\/www.fokus-mb-sro.cz\/klasterweb\/wp-json\/wp\/v2\/comments?post=3968"}],"version-history":[{"count":16,"href":"https:\/\/www.fokus-mb-sro.cz\/klasterweb\/wp-json\/wp\/v2\/pages\/3968\/revisions"}],"predecessor-version":[{"id":4010,"href":"https:\/\/www.fokus-mb-sro.cz\/klasterweb\/wp-json\/wp\/v2\/pages\/3968\/revisions\/4010"}],"wp:attachment":[{"href":"https:\/\/www.fokus-mb-sro.cz\/klasterweb\/wp-json\/wp\/v2\/media?parent=3968"}],"curies":[{"name":"wp","href":"https:\/\/api.w.org\/{rel}","templated":true}]}}