{"id":12,"date":"2024-08-07T06:49:39","date_gmt":"2024-08-07T06:49:39","guid":{"rendered":"https:\/\/www.fokus-mb-sro.cz\/zahradaweb\/?page_id=12"},"modified":"2025-10-22T05:45:54","modified_gmt":"2025-10-22T05:45:54","slug":"uvod","status":"publish","type":"page","link":"https:\/\/www.fokus-mb-sro.cz\/zahradaweb\/","title":{"rendered":"\u00davod"},"content":{"rendered":"\n<div class=\"wp-block-group skupiny-whitebg has-global-padding is-layout-constrained wp-block-group-is-layout-constrained\">\n<p>Jsme Fokus MB s.r.o. Zahrada, soci\u00e1ln\u00ed firma, kter\u00e1 se zab\u00fdv\u00e1 \u00fadr\u017ebou zelen\u011b (sek\u00e1n\u00edm a hrab\u00e1n\u00edm tr\u00e1vy a list\u00ed, pro\u0159ezem a \u00fadr\u017ebou strom\u016f, \u017eiv\u00fdch plot\u016f), men\u0161\u00edmi projekty zahrad, drobn\u00fdmi ter\u00e9nn\u00edmi \u00fapravami, v\u00fdsadbou. V zimn\u00edm obdob\u00ed prov\u00e1d\u00edme \u00faklid sn\u011bhu.<\/p>\n\n\n\n<p>Krom\u011b zahradnick\u00e9 pr\u00e1ce jsou na\u0161\u00ed \u010dinnost\u00ed i drobn\u00e9 mont\u00e1\u017en\u00ed a bal\u00edc\u00ed pr\u00e1ce, v\u00fdroba d\u00e1rkov\u00fdch p\u0159edm\u011bt\u016f (sv\u00ed\u010dek, m\u00fddel, v\u011bnc\u016f a jin\u00e9ho aran\u017em\u00e1), komplementace d\u00e1rkov\u00fdch ko\u0161\u016f.<\/p>\n\n\n\n<p>Slu\u017ebu vykon\u00e1vaj\u00ed odborn\u00ed pracovn\u00edci.<\/p>\n\n\n\n<p>Pro firmy je mo\u017enost uplatnit n\u00e1hradn\u00ed pln\u011bn\u00ed.<\/p>\n<\/div>\n\n\n\n<div style=\"height:2.5vw\" aria-hidden=\"true\" class=\"wp-block-spacer\"><\/div>\n\n\n\n<hr class=\"wp-block-separator has-alpha-channel-opacity linka-zaklad\" style=\"margin-top:0;margin-bottom:0\"\/>\n\n\n\n<div style=\"height:5vw\" aria-hidden=\"true\" class=\"wp-block-spacer\"><\/div>\n","protected":false},"excerpt":{"rendered":"<p>Jsme Fokus MB s.r.o. Zahrada, soci\u00e1ln\u00ed firma, kter\u00e1 se zab\u00fdv\u00e1 \u00fadr\u017ebou zelen\u011b (sek\u00e1n\u00edm a hrab\u00e1n\u00edm tr\u00e1vy a list\u00ed, pro\u0159ezem a \u00fadr\u017ebou strom\u016f, \u017eiv\u00fdch plot\u016f), men\u0161\u00edmi projekty zahrad, drobn\u00fdmi ter\u00e9nn\u00edmi \u00fapravami, v\u00fdsadbou. V zimn\u00edm obdob\u00ed prov\u00e1d\u00edme \u00faklid sn\u011bhu. Krom\u011b zahradnick\u00e9 pr\u00e1ce jsou na\u0161\u00ed \u010dinnost\u00ed i drobn\u00e9 mont\u00e1\u017en\u00ed a bal\u00edc\u00ed pr\u00e1ce, v\u00fdroba d\u00e1rkov\u00fdch p\u0159edm\u011bt\u016f (sv\u00ed\u010dek, m\u00fddel, v\u011bnc\u016f [&hellip;]<\/p>\n","protected":false},"author":1,"featured_media":710,"parent":0,"menu_order":1,"comment_status":"closed","ping_status":"closed","template":"","meta":{"footnotes":""},"class_list":["post-12","page","type-page","status-publish","has-post-thumbnail","hentry"],"yoast_head":"<!-- This site is optimized with the Yoast SEO plugin v27.5 - https:\/\/yoast.com\/product\/yoast-seo-wordpress\/ -->\n<title>\u00davod - Zahrada - Fokus MB s.r.o.<\/title>\n<meta name=\"description\" content=\"Zahrada - Fokus MB s.r.o. - zab\u00fdv\u00e1me se drobn\u00fdmi realizacemi zahrad a \u00fadr\u017ebou ve\u0159ejn\u00fdch prostor.\" \/>\n<meta name=\"robots\" content=\"index, follow, max-snippet:-1, max-image-preview:large, max-video-preview:-1\" \/>\n<link rel=\"canonical\" href=\"https:\/\/www.fokus-mb-sro.cz\/zahradaweb\/\" \/>\n<meta property=\"og:locale\" content=\"cs_CZ\" \/>\n<meta property=\"og:type\" content=\"article\" \/>\n<meta property=\"og:title\" content=\"\u00davod - Zahrada - Fokus MB s.r.o.\" \/>\n<meta property=\"og:description\" content=\"Zahrada - Fokus MB s.r.o. - zab\u00fdv\u00e1me se drobn\u00fdmi realizacemi zahrad a \u00fadr\u017ebou ve\u0159ejn\u00fdch prostor.\" \/>\n<meta property=\"og:url\" content=\"https:\/\/www.fokus-mb-sro.cz\/zahradaweb\/\" \/>\n<meta property=\"og:site_name\" content=\"Fokus MB s.r.o. &ndash; Zahrada\" \/>\n<meta property=\"article:publisher\" content=\"https:\/\/www.facebook.com\/fokusmbsro\/\" \/>\n<meta property=\"article:modified_time\" content=\"2025-10-22T05:45:54+00:00\" \/>\n<meta property=\"og:image\" content=\"https:\/\/www.fokus-mb-sro.cz\/zahradaweb\/wp-content\/uploads\/2024\/11\/ZAHR.jpg\" \/>\n\t<meta property=\"og:image:width\" content=\"1000\" \/>\n\t<meta property=\"og:image:height\" content=\"556\" \/>\n\t<meta property=\"og:image:type\" content=\"image\/jpeg\" \/>\n<meta name=\"twitter:card\" content=\"summary_large_image\" \/>\n<meta name=\"twitter:label1\" content=\"Odhadovan\u00e1 doba \u010dten\u00ed\" \/>\n\t<meta name=\"twitter:data1\" content=\"1 minuta\" \/>\n<script type=\"application\/ld+json\" class=\"yoast-schema-graph\">{\"@context\":\"https:\\\/\\\/schema.org\",\"@graph\":[{\"@type\":\"WebPage\",\"@id\":\"https:\\\/\\\/www.fokus-mb-sro.cz\\\/zahradaweb\\\/\",\"url\":\"https:\\\/\\\/www.fokus-mb-sro.cz\\\/zahradaweb\\\/\",\"name\":\"\u00davod - Zahrada - Fokus MB s.r.o.\",\"isPartOf\":{\"@id\":\"https:\\\/\\\/www.fokus-mb-sro.cz\\\/zahradaweb\\\/#website\"},\"primaryImageOfPage\":{\"@id\":\"https:\\\/\\\/www.fokus-mb-sro.cz\\\/zahradaweb\\\/#primaryimage\"},\"image\":{\"@id\":\"https:\\\/\\\/www.fokus-mb-sro.cz\\\/zahradaweb\\\/#primaryimage\"},\"thumbnailUrl\":\"https:\\\/\\\/www.fokus-mb-sro.cz\\\/zahradaweb\\\/wp-content\\\/uploads\\\/2024\\\/11\\\/ZAHR.jpg\",\"datePublished\":\"2024-08-07T06:49:39+00:00\",\"dateModified\":\"2025-10-22T05:45:54+00:00\",\"description\":\"Zahrada - Fokus MB s.r.o. - zab\u00fdv\u00e1me se drobn\u00fdmi realizacemi zahrad a \u00fadr\u017ebou ve\u0159ejn\u00fdch prostor.\",\"breadcrumb\":{\"@id\":\"https:\\\/\\\/www.fokus-mb-sro.cz\\\/zahradaweb\\\/#breadcrumb\"},\"inLanguage\":\"cs\",\"potentialAction\":[{\"@type\":\"ReadAction\",\"target\":[\"https:\\\/\\\/www.fokus-mb-sro.cz\\\/zahradaweb\\\/\"]}]},{\"@type\":\"ImageObject\",\"inLanguage\":\"cs\",\"@id\":\"https:\\\/\\\/www.fokus-mb-sro.cz\\\/zahradaweb\\\/#primaryimage\",\"url\":\"https:\\\/\\\/www.fokus-mb-sro.cz\\\/zahradaweb\\\/wp-content\\\/uploads\\\/2024\\\/11\\\/ZAHR.jpg\",\"contentUrl\":\"https:\\\/\\\/www.fokus-mb-sro.cz\\\/zahradaweb\\\/wp-content\\\/uploads\\\/2024\\\/11\\\/ZAHR.jpg\",\"width\":1000,\"height\":556},{\"@type\":\"BreadcrumbList\",\"@id\":\"https:\\\/\\\/www.fokus-mb-sro.cz\\\/zahradaweb\\\/#breadcrumb\",\"itemListElement\":[{\"@type\":\"ListItem\",\"position\":1,\"name\":\"Dom\u016f\",\"item\":\"https:\\\/\\\/www.fokus-mb-sro.cz\\\/zahradaweb\\\/\"},{\"@type\":\"ListItem\",\"position\":2,\"name\":\"\u00davod\"}]},{\"@type\":\"WebSite\",\"@id\":\"https:\\\/\\\/www.fokus-mb-sro.cz\\\/zahradaweb\\\/#website\",\"url\":\"https:\\\/\\\/www.fokus-mb-sro.cz\\\/zahradaweb\\\/\",\"name\":\"Fokus MB s.r.o. \u2013 Zahrada\",\"description\":\"\",\"publisher\":{\"@id\":\"https:\\\/\\\/www.fokus-mb-sro.cz\\\/zahradaweb\\\/#organization\"},\"alternateName\":\"Fokus MB s.r.o. \u2013 Zahrada\",\"potentialAction\":[{\"@type\":\"SearchAction\",\"target\":{\"@type\":\"EntryPoint\",\"urlTemplate\":\"https:\\\/\\\/www.fokus-mb-sro.cz\\\/zahradaweb\\\/?s={search_term_string}\"},\"query-input\":{\"@type\":\"PropertyValueSpecification\",\"valueRequired\":true,\"valueName\":\"search_term_string\"}}],\"inLanguage\":\"cs\"},{\"@type\":\"Organization\",\"@id\":\"https:\\\/\\\/www.fokus-mb-sro.cz\\\/zahradaweb\\\/#organization\",\"name\":\"Fokus MB s.r.o.\",\"alternateName\":\"Fokus MB\",\"url\":\"https:\\\/\\\/www.fokus-mb-sro.cz\\\/zahradaweb\\\/\",\"logo\":{\"@type\":\"ImageObject\",\"inLanguage\":\"cs\",\"@id\":\"https:\\\/\\\/www.fokus-mb-sro.cz\\\/zahradaweb\\\/#\\\/schema\\\/logo\\\/image\\\/\",\"url\":\"https:\\\/\\\/www.fokus-mb-sro.cz\\\/zahradaweb\\\/wp-content\\\/uploads\\\/2025\\\/04\\\/fokusmbsro-googlesearch.jpg\",\"contentUrl\":\"https:\\\/\\\/www.fokus-mb-sro.cz\\\/zahradaweb\\\/wp-content\\\/uploads\\\/2025\\\/04\\\/fokusmbsro-googlesearch.jpg\",\"width\":512,\"height\":512,\"caption\":\"Fokus MB s.r.o.\"},\"image\":{\"@id\":\"https:\\\/\\\/www.fokus-mb-sro.cz\\\/zahradaweb\\\/#\\\/schema\\\/logo\\\/image\\\/\"},\"sameAs\":[\"https:\\\/\\\/www.facebook.com\\\/fokusmbsro\\\/\",\"https:\\\/\\\/www.instagram.com\\\/fokusmbsro\\\/\"]}]}<\/script>\n<!-- \/ Yoast SEO plugin. -->","yoast_head_json":{"title":"\u00davod - Zahrada - Fokus MB s.r.o.","description":"Zahrada - Fokus MB s.r.o. - zab\u00fdv\u00e1me se drobn\u00fdmi realizacemi zahrad a \u00fadr\u017ebou ve\u0159ejn\u00fdch prostor.","robots":{"index":"index","follow":"follow","max-snippet":"max-snippet:-1","max-image-preview":"max-image-preview:large","max-video-preview":"max-video-preview:-1"},"canonical":"https:\/\/www.fokus-mb-sro.cz\/zahradaweb\/","og_locale":"cs_CZ","og_type":"article","og_title":"\u00davod - Zahrada - Fokus MB s.r.o.","og_description":"Zahrada - Fokus MB s.r.o. - zab\u00fdv\u00e1me se drobn\u00fdmi realizacemi zahrad a \u00fadr\u017ebou ve\u0159ejn\u00fdch prostor.","og_url":"https:\/\/www.fokus-mb-sro.cz\/zahradaweb\/","og_site_name":"Fokus MB s.r.o. &ndash; Zahrada","article_publisher":"https:\/\/www.facebook.com\/fokusmbsro\/","article_modified_time":"2025-10-22T05:45:54+00:00","og_image":[{"width":1000,"height":556,"url":"https:\/\/www.fokus-mb-sro.cz\/zahradaweb\/wp-content\/uploads\/2024\/11\/ZAHR.jpg","type":"image\/jpeg"}],"twitter_card":"summary_large_image","twitter_misc":{"Odhadovan\u00e1 doba \u010dten\u00ed":"1 minuta"},"schema":{"@context":"https:\/\/schema.org","@graph":[{"@type":"WebPage","@id":"https:\/\/www.fokus-mb-sro.cz\/zahradaweb\/","url":"https:\/\/www.fokus-mb-sro.cz\/zahradaweb\/","name":"\u00davod - Zahrada - Fokus MB s.r.o.","isPartOf":{"@id":"https:\/\/www.fokus-mb-sro.cz\/zahradaweb\/#website"},"primaryImageOfPage":{"@id":"https:\/\/www.fokus-mb-sro.cz\/zahradaweb\/#primaryimage"},"image":{"@id":"https:\/\/www.fokus-mb-sro.cz\/zahradaweb\/#primaryimage"},"thumbnailUrl":"https:\/\/www.fokus-mb-sro.cz\/zahradaweb\/wp-content\/uploads\/2024\/11\/ZAHR.jpg","datePublished":"2024-08-07T06:49:39+00:00","dateModified":"2025-10-22T05:45:54+00:00","description":"Zahrada - Fokus MB s.r.o. - zab\u00fdv\u00e1me se drobn\u00fdmi realizacemi zahrad a \u00fadr\u017ebou ve\u0159ejn\u00fdch prostor.","breadcrumb":{"@id":"https:\/\/www.fokus-mb-sro.cz\/zahradaweb\/#breadcrumb"},"inLanguage":"cs","potentialAction":[{"@type":"ReadAction","target":["https:\/\/www.fokus-mb-sro.cz\/zahradaweb\/"]}]},{"@type":"ImageObject","inLanguage":"cs","@id":"https:\/\/www.fokus-mb-sro.cz\/zahradaweb\/#primaryimage","url":"https:\/\/www.fokus-mb-sro.cz\/zahradaweb\/wp-content\/uploads\/2024\/11\/ZAHR.jpg","contentUrl":"https:\/\/www.fokus-mb-sro.cz\/zahradaweb\/wp-content\/uploads\/2024\/11\/ZAHR.jpg","width":1000,"height":556},{"@type":"BreadcrumbList","@id":"https:\/\/www.fokus-mb-sro.cz\/zahradaweb\/#breadcrumb","itemListElement":[{"@type":"ListItem","position":1,"name":"Dom\u016f","item":"https:\/\/www.fokus-mb-sro.cz\/zahradaweb\/"},{"@type":"ListItem","position":2,"name":"\u00davod"}]},{"@type":"WebSite","@id":"https:\/\/www.fokus-mb-sro.cz\/zahradaweb\/#website","url":"https:\/\/www.fokus-mb-sro.cz\/zahradaweb\/","name":"Fokus MB s.r.o. \u2013 Zahrada","description":"","publisher":{"@id":"https:\/\/www.fokus-mb-sro.cz\/zahradaweb\/#organization"},"alternateName":"Fokus MB s.r.o. \u2013 Zahrada","potentialAction":[{"@type":"SearchAction","target":{"@type":"EntryPoint","urlTemplate":"https:\/\/www.fokus-mb-sro.cz\/zahradaweb\/?s={search_term_string}"},"query-input":{"@type":"PropertyValueSpecification","valueRequired":true,"valueName":"search_term_string"}}],"inLanguage":"cs"},{"@type":"Organization","@id":"https:\/\/www.fokus-mb-sro.cz\/zahradaweb\/#organization","name":"Fokus MB s.r.o.","alternateName":"Fokus MB","url":"https:\/\/www.fokus-mb-sro.cz\/zahradaweb\/","logo":{"@type":"ImageObject","inLanguage":"cs","@id":"https:\/\/www.fokus-mb-sro.cz\/zahradaweb\/#\/schema\/logo\/image\/","url":"https:\/\/www.fokus-mb-sro.cz\/zahradaweb\/wp-content\/uploads\/2025\/04\/fokusmbsro-googlesearch.jpg","contentUrl":"https:\/\/www.fokus-mb-sro.cz\/zahradaweb\/wp-content\/uploads\/2025\/04\/fokusmbsro-googlesearch.jpg","width":512,"height":512,"caption":"Fokus MB s.r.o."},"image":{"@id":"https:\/\/www.fokus-mb-sro.cz\/zahradaweb\/#\/schema\/logo\/image\/"},"sameAs":["https:\/\/www.facebook.com\/fokusmbsro\/","https:\/\/www.instagram.com\/fokusmbsro\/"]}]}},"_links":{"self":[{"href":"https:\/\/www.fokus-mb-sro.cz\/zahradaweb\/wp-json\/wp\/v2\/pages\/12","targetHints":{"allow":["GET"]}}],"collection":[{"href":"https:\/\/www.fokus-mb-sro.cz\/zahradaweb\/wp-json\/wp\/v2\/pages"}],"about":[{"href":"https:\/\/www.fokus-mb-sro.cz\/zahradaweb\/wp-json\/wp\/v2\/types\/page"}],"author":[{"embeddable":true,"href":"https:\/\/www.fokus-mb-sro.cz\/zahradaweb\/wp-json\/wp\/v2\/users\/1"}],"replies":[{"embeddable":true,"href":"https:\/\/www.fokus-mb-sro.cz\/zahradaweb\/wp-json\/wp\/v2\/comments?post=12"}],"version-history":[{"count":9,"href":"https:\/\/www.fokus-mb-sro.cz\/zahradaweb\/wp-json\/wp\/v2\/pages\/12\/revisions"}],"predecessor-version":[{"id":276,"href":"https:\/\/www.fokus-mb-sro.cz\/zahradaweb\/wp-json\/wp\/v2\/pages\/12\/revisions\/276"}],"wp:featuredmedia":[{"embeddable":true,"href":"https:\/\/www.fokus-mb-sro.cz\/zahradaweb\/wp-json\/wp\/v2\/media\/710"}],"wp:attachment":[{"href":"https:\/\/www.fokus-mb-sro.cz\/zahradaweb\/wp-json\/wp\/v2\/media?parent=12"}],"curies":[{"name":"wp","href":"https:\/\/api.w.org\/{rel}","templated":true}]}}