{"id":82,"date":"2024-08-08T05:41:09","date_gmt":"2024-08-08T05:41:09","guid":{"rendered":"https:\/\/www.fokus-mb-sro.cz\/zahradaweb\/?page_id=82"},"modified":"2025-10-22T05:46:07","modified_gmt":"2025-10-22T05:46:07","slug":"sluzby","status":"publish","type":"page","link":"https:\/\/www.fokus-mb-sro.cz\/zahradaweb\/sluzby\/","title":{"rendered":"Slu\u017eby"},"content":{"rendered":"\n<div class=\"wp-block-group skupiny-whitebg has-global-padding is-layout-constrained wp-container-core-group-is-layout-2a06cc65 wp-block-group-is-layout-constrained\">\n<p class=\"has-text-align-left sluzbytext\" style=\"padding-top:0;padding-bottom:0\"><span style=\"font-size: 16.8px;\">\u2022\tDrobn\u00e9 realizace zahrad<br>\u2022\tPlet\u00ed, hrab\u00e1n\u00ed list\u00ed, likvidace a odvoz bioodpadu<br>\u2022\tPravideln\u00e9 \u00fadr\u017eby zahrad<br>\u2022\tDrobn\u00e9 ter\u00e9nn\u00ed \u00fapravy<br>\u2022\t\u00dadr\u017eba tr\u00e1vn\u00edku, pravideln\u00e1 se\u010d, vertikutace, hnojen\u00ed<br>\u2022\tSe\u010den\u00ed travnat\u00fdch ploch k\u0159ovino\u0159ezem, bubnovou seka\u010dkou, mul\u010dem<br>\u2022\t\u0158ez \u017eiv\u00fdch plot\u016f<br>\u2022\tSt\u0159ih ke\u0159\u016f, \u0159ez strom\u016f (i ovocn\u00fdch), n\u00e1letu<br>\u2022\tMul\u010dov\u00e1n\u00ed k\u016frou, \u0161t\u011brkem<br>\u2022\tOdplevelen\u00ed pozemku<br>\u2022\tChemick\u00e9 o\u0161et\u0159en\u00ed pesticidy<\/span><br><\/p>\n<\/div>\n\n\n\n<div style=\"height:2.5vw\" aria-hidden=\"true\" class=\"wp-block-spacer\"><\/div>\n\n\n\n<hr class=\"wp-block-separator has-alpha-channel-opacity linka-zaklad\"\/>\n","protected":false},"excerpt":{"rendered":"<p>\u2022 Drobn\u00e9 realizace zahrad\u2022 Plet\u00ed, hrab\u00e1n\u00ed list\u00ed, likvidace a odvoz bioodpadu\u2022 Pravideln\u00e9 \u00fadr\u017eby zahrad\u2022 Drobn\u00e9 ter\u00e9nn\u00ed \u00fapravy\u2022 \u00dadr\u017eba tr\u00e1vn\u00edku, pravideln\u00e1 se\u010d, vertikutace, hnojen\u00ed\u2022 Se\u010den\u00ed travnat\u00fdch ploch k\u0159ovino\u0159ezem, bubnovou seka\u010dkou, mul\u010dem\u2022 \u0158ez \u017eiv\u00fdch plot\u016f\u2022 St\u0159ih ke\u0159\u016f, \u0159ez strom\u016f (i ovocn\u00fdch), n\u00e1letu\u2022 Mul\u010dov\u00e1n\u00ed k\u016frou, \u0161t\u011brkem\u2022 Odplevelen\u00ed pozemku\u2022 Chemick\u00e9 o\u0161et\u0159en\u00ed pesticidy<\/p>\n","protected":false},"author":1,"featured_media":710,"parent":0,"menu_order":2,"comment_status":"closed","ping_status":"closed","template":"","meta":{"footnotes":""},"class_list":["post-82","page","type-page","status-publish","has-post-thumbnail","hentry"],"yoast_head":"<!-- This site is optimized with the Yoast SEO plugin v27.3 - https:\/\/yoast.com\/product\/yoast-seo-wordpress\/ -->\n<title>Slu\u017eby - Zahrada - Fokus MB s.r.o.<\/title>\n<meta name=\"description\" content=\"Seznam slu\u017eeb, kter\u00e9 poskytuje Zahrada Fokus MB s.r.o. \u2013 v\u00edce informac\u00ed na webu.\" \/>\n<meta name=\"robots\" content=\"index, follow, max-snippet:-1, max-image-preview:large, max-video-preview:-1\" \/>\n<link rel=\"canonical\" href=\"https:\/\/www.fokus-mb-sro.cz\/zahradaweb\/sluzby\/\" \/>\n<meta property=\"og:locale\" content=\"cs_CZ\" \/>\n<meta property=\"og:type\" content=\"article\" \/>\n<meta property=\"og:title\" content=\"Slu\u017eby - Zahrada - Fokus MB s.r.o.\" \/>\n<meta property=\"og:description\" content=\"Seznam slu\u017eeb, kter\u00e9 poskytuje Zahrada Fokus MB s.r.o. \u2013 v\u00edce informac\u00ed na webu.\" \/>\n<meta property=\"og:url\" content=\"https:\/\/www.fokus-mb-sro.cz\/zahradaweb\/sluzby\/\" \/>\n<meta property=\"og:site_name\" content=\"Fokus MB s.r.o. &ndash; Zahrada\" \/>\n<meta property=\"article:publisher\" content=\"https:\/\/www.facebook.com\/fokusmbsro\/\" \/>\n<meta property=\"article:modified_time\" content=\"2025-10-22T05:46:07+00:00\" \/>\n<meta property=\"og:image\" content=\"https:\/\/www.fokus-mb-sro.cz\/zahradaweb\/wp-content\/uploads\/2024\/11\/ZAHR.jpg\" \/>\n\t<meta property=\"og:image:width\" content=\"1000\" \/>\n\t<meta property=\"og:image:height\" content=\"556\" \/>\n\t<meta property=\"og:image:type\" content=\"image\/jpeg\" \/>\n<meta name=\"twitter:card\" content=\"summary_large_image\" \/>\n<meta name=\"twitter:label1\" content=\"Odhadovan\u00e1 doba \u010dten\u00ed\" \/>\n\t<meta name=\"twitter:data1\" content=\"1 minuta\" \/>\n<script type=\"application\/ld+json\" class=\"yoast-schema-graph\">{\"@context\":\"https:\\\/\\\/schema.org\",\"@graph\":[{\"@type\":\"WebPage\",\"@id\":\"https:\\\/\\\/www.fokus-mb-sro.cz\\\/zahradaweb\\\/sluzby\\\/\",\"url\":\"https:\\\/\\\/www.fokus-mb-sro.cz\\\/zahradaweb\\\/sluzby\\\/\",\"name\":\"Slu\u017eby - Zahrada - Fokus MB s.r.o.\",\"isPartOf\":{\"@id\":\"https:\\\/\\\/www.fokus-mb-sro.cz\\\/zahradaweb\\\/#website\"},\"primaryImageOfPage\":{\"@id\":\"https:\\\/\\\/www.fokus-mb-sro.cz\\\/zahradaweb\\\/sluzby\\\/#primaryimage\"},\"image\":{\"@id\":\"https:\\\/\\\/www.fokus-mb-sro.cz\\\/zahradaweb\\\/sluzby\\\/#primaryimage\"},\"thumbnailUrl\":\"https:\\\/\\\/www.fokus-mb-sro.cz\\\/zahradaweb\\\/wp-content\\\/uploads\\\/2024\\\/11\\\/ZAHR.jpg\",\"datePublished\":\"2024-08-08T05:41:09+00:00\",\"dateModified\":\"2025-10-22T05:46:07+00:00\",\"description\":\"Seznam slu\u017eeb, kter\u00e9 poskytuje Zahrada Fokus MB s.r.o. \u2013 v\u00edce informac\u00ed na webu.\",\"breadcrumb\":{\"@id\":\"https:\\\/\\\/www.fokus-mb-sro.cz\\\/zahradaweb\\\/sluzby\\\/#breadcrumb\"},\"inLanguage\":\"cs\",\"potentialAction\":[{\"@type\":\"ReadAction\",\"target\":[\"https:\\\/\\\/www.fokus-mb-sro.cz\\\/zahradaweb\\\/sluzby\\\/\"]}]},{\"@type\":\"ImageObject\",\"inLanguage\":\"cs\",\"@id\":\"https:\\\/\\\/www.fokus-mb-sro.cz\\\/zahradaweb\\\/sluzby\\\/#primaryimage\",\"url\":\"https:\\\/\\\/www.fokus-mb-sro.cz\\\/zahradaweb\\\/wp-content\\\/uploads\\\/2024\\\/11\\\/ZAHR.jpg\",\"contentUrl\":\"https:\\\/\\\/www.fokus-mb-sro.cz\\\/zahradaweb\\\/wp-content\\\/uploads\\\/2024\\\/11\\\/ZAHR.jpg\",\"width\":1000,\"height\":556},{\"@type\":\"BreadcrumbList\",\"@id\":\"https:\\\/\\\/www.fokus-mb-sro.cz\\\/zahradaweb\\\/sluzby\\\/#breadcrumb\",\"itemListElement\":[{\"@type\":\"ListItem\",\"position\":1,\"name\":\"Dom\u016f\",\"item\":\"https:\\\/\\\/www.fokus-mb-sro.cz\\\/zahradaweb\\\/\"},{\"@type\":\"ListItem\",\"position\":2,\"name\":\"Slu\u017eby\"}]},{\"@type\":\"WebSite\",\"@id\":\"https:\\\/\\\/www.fokus-mb-sro.cz\\\/zahradaweb\\\/#website\",\"url\":\"https:\\\/\\\/www.fokus-mb-sro.cz\\\/zahradaweb\\\/\",\"name\":\"Fokus MB s.r.o. \u2013 Zahrada\",\"description\":\"\",\"publisher\":{\"@id\":\"https:\\\/\\\/www.fokus-mb-sro.cz\\\/zahradaweb\\\/#organization\"},\"alternateName\":\"Fokus MB s.r.o. \u2013 Zahrada\",\"potentialAction\":[{\"@type\":\"SearchAction\",\"target\":{\"@type\":\"EntryPoint\",\"urlTemplate\":\"https:\\\/\\\/www.fokus-mb-sro.cz\\\/zahradaweb\\\/?s={search_term_string}\"},\"query-input\":{\"@type\":\"PropertyValueSpecification\",\"valueRequired\":true,\"valueName\":\"search_term_string\"}}],\"inLanguage\":\"cs\"},{\"@type\":\"Organization\",\"@id\":\"https:\\\/\\\/www.fokus-mb-sro.cz\\\/zahradaweb\\\/#organization\",\"name\":\"Fokus MB s.r.o.\",\"alternateName\":\"Fokus MB\",\"url\":\"https:\\\/\\\/www.fokus-mb-sro.cz\\\/zahradaweb\\\/\",\"logo\":{\"@type\":\"ImageObject\",\"inLanguage\":\"cs\",\"@id\":\"https:\\\/\\\/www.fokus-mb-sro.cz\\\/zahradaweb\\\/#\\\/schema\\\/logo\\\/image\\\/\",\"url\":\"https:\\\/\\\/www.fokus-mb-sro.cz\\\/zahradaweb\\\/wp-content\\\/uploads\\\/2025\\\/04\\\/fokusmbsro-googlesearch.jpg\",\"contentUrl\":\"https:\\\/\\\/www.fokus-mb-sro.cz\\\/zahradaweb\\\/wp-content\\\/uploads\\\/2025\\\/04\\\/fokusmbsro-googlesearch.jpg\",\"width\":512,\"height\":512,\"caption\":\"Fokus MB s.r.o.\"},\"image\":{\"@id\":\"https:\\\/\\\/www.fokus-mb-sro.cz\\\/zahradaweb\\\/#\\\/schema\\\/logo\\\/image\\\/\"},\"sameAs\":[\"https:\\\/\\\/www.facebook.com\\\/fokusmbsro\\\/\",\"https:\\\/\\\/www.instagram.com\\\/fokusmbsro\\\/\"]}]}<\/script>\n<!-- \/ Yoast SEO plugin. -->","yoast_head_json":{"title":"Slu\u017eby - Zahrada - Fokus MB s.r.o.","description":"Seznam slu\u017eeb, kter\u00e9 poskytuje Zahrada Fokus MB s.r.o. \u2013 v\u00edce informac\u00ed na webu.","robots":{"index":"index","follow":"follow","max-snippet":"max-snippet:-1","max-image-preview":"max-image-preview:large","max-video-preview":"max-video-preview:-1"},"canonical":"https:\/\/www.fokus-mb-sro.cz\/zahradaweb\/sluzby\/","og_locale":"cs_CZ","og_type":"article","og_title":"Slu\u017eby - Zahrada - Fokus MB s.r.o.","og_description":"Seznam slu\u017eeb, kter\u00e9 poskytuje Zahrada Fokus MB s.r.o. \u2013 v\u00edce informac\u00ed na webu.","og_url":"https:\/\/www.fokus-mb-sro.cz\/zahradaweb\/sluzby\/","og_site_name":"Fokus MB s.r.o. &ndash; Zahrada","article_publisher":"https:\/\/www.facebook.com\/fokusmbsro\/","article_modified_time":"2025-10-22T05:46:07+00:00","og_image":[{"width":1000,"height":556,"url":"https:\/\/www.fokus-mb-sro.cz\/zahradaweb\/wp-content\/uploads\/2024\/11\/ZAHR.jpg","type":"image\/jpeg"}],"twitter_card":"summary_large_image","twitter_misc":{"Odhadovan\u00e1 doba \u010dten\u00ed":"1 minuta"},"schema":{"@context":"https:\/\/schema.org","@graph":[{"@type":"WebPage","@id":"https:\/\/www.fokus-mb-sro.cz\/zahradaweb\/sluzby\/","url":"https:\/\/www.fokus-mb-sro.cz\/zahradaweb\/sluzby\/","name":"Slu\u017eby - Zahrada - Fokus MB s.r.o.","isPartOf":{"@id":"https:\/\/www.fokus-mb-sro.cz\/zahradaweb\/#website"},"primaryImageOfPage":{"@id":"https:\/\/www.fokus-mb-sro.cz\/zahradaweb\/sluzby\/#primaryimage"},"image":{"@id":"https:\/\/www.fokus-mb-sro.cz\/zahradaweb\/sluzby\/#primaryimage"},"thumbnailUrl":"https:\/\/www.fokus-mb-sro.cz\/zahradaweb\/wp-content\/uploads\/2024\/11\/ZAHR.jpg","datePublished":"2024-08-08T05:41:09+00:00","dateModified":"2025-10-22T05:46:07+00:00","description":"Seznam slu\u017eeb, kter\u00e9 poskytuje Zahrada Fokus MB s.r.o. \u2013 v\u00edce informac\u00ed na webu.","breadcrumb":{"@id":"https:\/\/www.fokus-mb-sro.cz\/zahradaweb\/sluzby\/#breadcrumb"},"inLanguage":"cs","potentialAction":[{"@type":"ReadAction","target":["https:\/\/www.fokus-mb-sro.cz\/zahradaweb\/sluzby\/"]}]},{"@type":"ImageObject","inLanguage":"cs","@id":"https:\/\/www.fokus-mb-sro.cz\/zahradaweb\/sluzby\/#primaryimage","url":"https:\/\/www.fokus-mb-sro.cz\/zahradaweb\/wp-content\/uploads\/2024\/11\/ZAHR.jpg","contentUrl":"https:\/\/www.fokus-mb-sro.cz\/zahradaweb\/wp-content\/uploads\/2024\/11\/ZAHR.jpg","width":1000,"height":556},{"@type":"BreadcrumbList","@id":"https:\/\/www.fokus-mb-sro.cz\/zahradaweb\/sluzby\/#breadcrumb","itemListElement":[{"@type":"ListItem","position":1,"name":"Dom\u016f","item":"https:\/\/www.fokus-mb-sro.cz\/zahradaweb\/"},{"@type":"ListItem","position":2,"name":"Slu\u017eby"}]},{"@type":"WebSite","@id":"https:\/\/www.fokus-mb-sro.cz\/zahradaweb\/#website","url":"https:\/\/www.fokus-mb-sro.cz\/zahradaweb\/","name":"Fokus MB s.r.o. \u2013 Zahrada","description":"","publisher":{"@id":"https:\/\/www.fokus-mb-sro.cz\/zahradaweb\/#organization"},"alternateName":"Fokus MB s.r.o. \u2013 Zahrada","potentialAction":[{"@type":"SearchAction","target":{"@type":"EntryPoint","urlTemplate":"https:\/\/www.fokus-mb-sro.cz\/zahradaweb\/?s={search_term_string}"},"query-input":{"@type":"PropertyValueSpecification","valueRequired":true,"valueName":"search_term_string"}}],"inLanguage":"cs"},{"@type":"Organization","@id":"https:\/\/www.fokus-mb-sro.cz\/zahradaweb\/#organization","name":"Fokus MB s.r.o.","alternateName":"Fokus MB","url":"https:\/\/www.fokus-mb-sro.cz\/zahradaweb\/","logo":{"@type":"ImageObject","inLanguage":"cs","@id":"https:\/\/www.fokus-mb-sro.cz\/zahradaweb\/#\/schema\/logo\/image\/","url":"https:\/\/www.fokus-mb-sro.cz\/zahradaweb\/wp-content\/uploads\/2025\/04\/fokusmbsro-googlesearch.jpg","contentUrl":"https:\/\/www.fokus-mb-sro.cz\/zahradaweb\/wp-content\/uploads\/2025\/04\/fokusmbsro-googlesearch.jpg","width":512,"height":512,"caption":"Fokus MB s.r.o."},"image":{"@id":"https:\/\/www.fokus-mb-sro.cz\/zahradaweb\/#\/schema\/logo\/image\/"},"sameAs":["https:\/\/www.facebook.com\/fokusmbsro\/","https:\/\/www.instagram.com\/fokusmbsro\/"]}]}},"_links":{"self":[{"href":"https:\/\/www.fokus-mb-sro.cz\/zahradaweb\/wp-json\/wp\/v2\/pages\/82","targetHints":{"allow":["GET"]}}],"collection":[{"href":"https:\/\/www.fokus-mb-sro.cz\/zahradaweb\/wp-json\/wp\/v2\/pages"}],"about":[{"href":"https:\/\/www.fokus-mb-sro.cz\/zahradaweb\/wp-json\/wp\/v2\/types\/page"}],"author":[{"embeddable":true,"href":"https:\/\/www.fokus-mb-sro.cz\/zahradaweb\/wp-json\/wp\/v2\/users\/1"}],"replies":[{"embeddable":true,"href":"https:\/\/www.fokus-mb-sro.cz\/zahradaweb\/wp-json\/wp\/v2\/comments?post=82"}],"version-history":[{"count":8,"href":"https:\/\/www.fokus-mb-sro.cz\/zahradaweb\/wp-json\/wp\/v2\/pages\/82\/revisions"}],"predecessor-version":[{"id":291,"href":"https:\/\/www.fokus-mb-sro.cz\/zahradaweb\/wp-json\/wp\/v2\/pages\/82\/revisions\/291"}],"wp:featuredmedia":[{"embeddable":true,"href":"https:\/\/www.fokus-mb-sro.cz\/zahradaweb\/wp-json\/wp\/v2\/media\/710"}],"wp:attachment":[{"href":"https:\/\/www.fokus-mb-sro.cz\/zahradaweb\/wp-json\/wp\/v2\/media?parent=82"}],"curies":[{"name":"wp","href":"https:\/\/api.w.org\/{rel}","templated":true}]}}